{"id":23,"date":"2017-12-22T07:47:15","date_gmt":"2017-12-22T07:47:15","guid":{"rendered":"http:\/\/wp9e5.szakipont.hu\/?page_id=23"},"modified":"2017-12-27T18:40:28","modified_gmt":"2017-12-27T18:40:28","slug":"cart","status":"publish","type":"page","link":"https:\/\/numizmatika.beila.hu\/?page_id=23","title":{"rendered":"Kos\u00e1r"},"content":{"rendered":"<div class=\"woocommerce\"><div class=\"woocommerce-notices-wrapper\"><\/div><p class=\"cart-empty woocommerce-info\">Jelenleg \u00fcres a bev\u00e1s\u00e1rl\u00f3kos\u00e1r.<\/p>\t<p class=\"return-to-shop\">\n\t\t<a class=\"button wc-backward\" href=\"https:\/\/numizmatika.beila.hu\/?page_id=22\">\n\t\t\t\u00dczlet\t\t<\/a>\n\t<\/p>\n<\/div>\n","protected":false},"excerpt":{"rendered":"Jelenleg \u00fcres a bev\u00e1s\u00e1rl\u00f3kos\u00e1r. \u00dczlet","protected":false},"author":1,"featured_media":0,"parent":0,"menu_order":0,"comment_status":"closed","ping_status":"closed","template":"","meta":[],"_links":{"self":[{"href":"https:\/\/numizmatika.beila.hu\/index.php?rest_route=\/wp\/v2\/pages\/23"}],"collection":[{"href":"https:\/\/numizmatika.beila.hu\/index.php?rest_route=\/wp\/v2\/pages"}],"about":[{"href":"https:\/\/numizmatika.beila.hu\/index.php?rest_route=\/wp\/v2\/types\/page"}],"author":[{"embeddable":true,"href":"https:\/\/numizmatika.beila.hu\/index.php?rest_route=\/wp\/v2\/users\/1"}],"replies":[{"embeddable":true,"href":"https:\/\/numizmatika.beila.hu\/index.php?rest_route=%2Fwp%2Fv2%2Fcomments&post=23"}],"version-history":[{"count":1,"href":"https:\/\/numizmatika.beila.hu\/index.php?rest_route=\/wp\/v2\/pages\/23\/revisions"}],"predecessor-version":[{"id":31,"href":"https:\/\/numizmatika.beila.hu\/index.php?rest_route=\/wp\/v2\/pages\/23\/revisions\/31"}],"wp:attachment":[{"href":"https:\/\/numizmatika.beila.hu\/index.php?rest_route=%2Fwp%2Fv2%2Fmedia&parent=23"}],"curies":[{"name":"wp","href":"https:\/\/api.w.org\/{rel}","templated":true}]}}