{"id":25,"date":"2017-12-22T07:47:15","date_gmt":"2017-12-22T07:47:15","guid":{"rendered":"http:\/\/wp9e5.szakipont.hu\/?page_id=25"},"modified":"2018-11-09T08:03:42","modified_gmt":"2018-11-09T08:03:42","slug":"my-account","status":"publish","type":"page","link":"https:\/\/numizmatika.beila.hu\/?page_id=25","title":{"rendered":"Fi\u00f3kom"},"content":{"rendered":"<div class=\"woocommerce\"><div class=\"woocommerce-notices-wrapper\"><\/div>\n\n<div class=\"u-columns col2-set\" id=\"customer_login\">\n\n\t<div class=\"u-column1 col-1\">\n\n\n\t\t<h2>Bejelentkez\u00e9s<\/h2>\n\n\t\t<form class=\"woocommerce-form woocommerce-form-login login\" method=\"post\">\n\n\t\t\t\n\t\t\t<p class=\"woocommerce-form-row woocommerce-form-row--wide form-row form-row-wide\">\n\t\t\t\t<label for=\"username\">Felhaszn\u00e1l\u00f3n\u00e9v vagy e-mail c\u00edm&nbsp;<span class=\"required\">*<\/span><\/label>\n\t\t\t\t<input type=\"text\" class=\"woocommerce-Input woocommerce-Input--text input-text\" name=\"username\" id=\"username\" autocomplete=\"username\" value=\"\" \/>\t\t\t<\/p>\n\t\t\t<p class=\"woocommerce-form-row woocommerce-form-row--wide form-row form-row-wide\">\n\t\t\t\t<label for=\"password\">Jelsz\u00f3&nbsp;<span class=\"required\">*<\/span><\/label>\n\t\t\t\t<input class=\"woocommerce-Input woocommerce-Input--text input-text\" type=\"password\" name=\"password\" id=\"password\" autocomplete=\"current-password\" \/>\n\t\t\t<\/p>\n\n\t\t\t\n\t\t\t<p class=\"form-row\">\n\t\t\t\t<label class=\"woocommerce-form__label woocommerce-form__label-for-checkbox woocommerce-form-login__rememberme\">\n\t\t\t\t\t<input class=\"woocommerce-form__input woocommerce-form__input-checkbox\" name=\"rememberme\" type=\"checkbox\" id=\"rememberme\" value=\"forever\" \/> <span>Eml\u00e9kezz r\u00e1m<\/span>\n\t\t\t\t<\/label>\n\t\t\t\t<input type=\"hidden\" id=\"woocommerce-login-nonce\" name=\"woocommerce-login-nonce\" value=\"28f443d2af\" \/><input type=\"hidden\" name=\"_wp_http_referer\" value=\"\/index.php?rest_route=%2Fwp%2Fv2%2Fpages%2F25\" \/>\t\t\t\t<button type=\"submit\" class=\"woocommerce-button button woocommerce-form-login__submit\" name=\"login\" value=\"Bel\u00e9p\u00e9s\">Bel\u00e9p\u00e9s<\/button>\n\t\t\t<\/p>\n\t\t\t<p class=\"woocommerce-LostPassword lost_password\">\n\t\t\t\t<a href=\"https:\/\/numizmatika.beila.hu\/wp-login.php?action=lostpassword\">Elfelejtett jelsz\u00f3?<\/a>\n\t\t\t<\/p>\n\n\t\t\t\n\t\t<\/form>\n\n\n\t<\/div>\n\n\t<div class=\"u-column2 col-2\">\n\n\t\t<h2>Regisztr\u00e1ci\u00f3<\/h2>\n\n\t\t<form method=\"post\" class=\"woocommerce-form woocommerce-form-register register\"  >\n\n\t\t\t\n\t\t\t\n\t\t\t\t<p class=\"woocommerce-form-row woocommerce-form-row--wide form-row form-row-wide\">\n\t\t\t\t\t<label for=\"reg_username\">Felhaszn\u00e1l\u00f3n\u00e9v&nbsp;<span class=\"required\">*<\/span><\/label>\n\t\t\t\t\t<input type=\"text\" class=\"woocommerce-Input woocommerce-Input--text input-text\" name=\"username\" id=\"reg_username\" autocomplete=\"username\" value=\"\" \/>\t\t\t\t<\/p>\n\n\t\t\t\n\t\t\t<p class=\"woocommerce-form-row woocommerce-form-row--wide form-row form-row-wide\">\n\t\t\t\t<label for=\"reg_email\">E-mail c\u00edm&nbsp;<span class=\"required\">*<\/span><\/label>\n\t\t\t\t<input type=\"email\" class=\"woocommerce-Input woocommerce-Input--text input-text\" name=\"email\" id=\"reg_email\" autocomplete=\"email\" value=\"\" \/>\t\t\t<\/p>\n\n\t\t\t\n\t\t\t\t<p class=\"woocommerce-form-row woocommerce-form-row--wide form-row form-row-wide\">\n\t\t\t\t\t<label for=\"reg_password\">Jelsz\u00f3&nbsp;<span class=\"required\">*<\/span><\/label>\n\t\t\t\t\t<input type=\"password\" class=\"woocommerce-Input woocommerce-Input--text input-text\" name=\"password\" id=\"reg_password\" autocomplete=\"new-password\" \/>\n\t\t\t\t<\/p>\n\n\t\t\t\n\t\t\t<div class=\"woocommerce-privacy-policy-text\"><p>A szem\u00e9lyes adatokat a weboldalon t\u00f6rt\u00e9n\u0151 v\u00e1s\u00e1rl\u00e1si \u00e9lm\u00e9ny fenntart\u00e1s\u00e1hoz, a fi\u00f3khoz val\u00f3 hozz\u00e1f\u00e9r\u00e9s kezel\u00e9s\u00e9hez \u00e9s m\u00e1s c\u00e9lokra haszn\u00e1ljuk, melyeket a <a href=\"https:\/\/numizmatika.beila.hu\/?page_id=39\" class=\"woocommerce-privacy-policy-link\" target=\"_blank\">Adatkezel\u00e9si t\u00e1j\u00e9koztat\u00f3<\/a> tartalmaz.<\/p>\n<\/div>\n\t\t\t<p class=\"woocommerce-form-row form-row\">\n\t\t\t\t<input type=\"hidden\" id=\"woocommerce-register-nonce\" name=\"woocommerce-register-nonce\" value=\"2c7304a398\" \/><input type=\"hidden\" name=\"_wp_http_referer\" value=\"\/index.php?rest_route=%2Fwp%2Fv2%2Fpages%2F25\" \/>\t\t\t\t<button type=\"submit\" class=\"woocommerce-Button woocommerce-button button woocommerce-form-register__submit\" name=\"register\" value=\"Regisztr\u00e1ci\u00f3\">Regisztr\u00e1ci\u00f3<\/button>\n\t\t\t<\/p>\n\n\t\t\t\n\t\t<\/form>\n\n\t<\/div>\n\n<\/div>\n\n<\/div>\n","protected":false},"excerpt":{"rendered":"Bejelentkez\u00e9s Felhaszn\u00e1l\u00f3n\u00e9v vagy e-mail c\u00edm&nbsp;* Jelsz\u00f3&nbsp;* Eml\u00e9kezz r\u00e1m Bel\u00e9p\u00e9s Elfelejtett jelsz\u00f3? Regisztr\u00e1ci\u00f3 Felhaszn\u00e1l\u00f3n\u00e9v&nbsp;* E-mail c\u00edm&nbsp;* Jelsz\u00f3&nbsp;* A szem\u00e9lyes adatokat a weboldalon t\u00f6rt\u00e9n\u0151 v\u00e1s\u00e1rl\u00e1si \u00e9lm\u00e9ny fenntart\u00e1s\u00e1hoz, a fi\u00f3khoz val\u00f3 hozz\u00e1f\u00e9r\u00e9s kezel\u00e9s\u00e9hez \u00e9s m\u00e1s c\u00e9lokra haszn\u00e1ljuk, melyeket a Adatkezel\u00e9si t\u00e1j\u00e9koztat\u00f3 tartalmaz. Regisztr\u00e1ci\u00f3","protected":false},"author":1,"featured_media":0,"parent":0,"menu_order":2,"comment_status":"closed","ping_status":"closed","template":"","meta":[],"_links":{"self":[{"href":"https:\/\/numizmatika.beila.hu\/index.php?rest_route=\/wp\/v2\/pages\/25"}],"collection":[{"href":"https:\/\/numizmatika.beila.hu\/index.php?rest_route=\/wp\/v2\/pages"}],"about":[{"href":"https:\/\/numizmatika.beila.hu\/index.php?rest_route=\/wp\/v2\/types\/page"}],"author":[{"embeddable":true,"href":"https:\/\/numizmatika.beila.hu\/index.php?rest_route=\/wp\/v2\/users\/1"}],"replies":[{"embeddable":true,"href":"https:\/\/numizmatika.beila.hu\/index.php?rest_route=%2Fwp%2Fv2%2Fcomments&post=25"}],"version-history":[{"count":1,"href":"https:\/\/numizmatika.beila.hu\/index.php?rest_route=\/wp\/v2\/pages\/25\/revisions"}],"predecessor-version":[{"id":28,"href":"https:\/\/numizmatika.beila.hu\/index.php?rest_route=\/wp\/v2\/pages\/25\/revisions\/28"}],"wp:attachment":[{"href":"https:\/\/numizmatika.beila.hu\/index.php?rest_route=%2Fwp%2Fv2%2Fmedia&parent=25"}],"curies":[{"name":"wp","href":"https:\/\/api.w.org\/{rel}","templated":true}]}}