{"id":846,"date":"2018-01-02T22:18:22","date_gmt":"2018-01-02T22:18:22","guid":{"rendered":"https:\/\/numizmatika.beila.hu\/?page_id=846"},"modified":"2021-01-27T15:24:32","modified_gmt":"2021-01-27T15:24:32","slug":"elerhetosegek","status":"publish","type":"page","link":"https:\/\/numizmatika.beila.hu\/?page_id=846","title":{"rendered":"El\u00e9rhet\u0151s\u00e9gek"},"content":{"rendered":"<p><strong>\u00dcgyf\u00e9lszolg\u00e1lat:<\/strong><\/p>\n<p>Telefonon h\u00e9tk\u00f6znap 8-21 \u00f3ra k\u00f6z\u00f6tt \u00e1llunk kedves v\u00e1s\u00e1rl\u00f3ink rendelkez\u00e9s\u00e9re.<br \/>\ntelefonsz\u00e1m: <strong>06\/30-525-6767<\/strong><\/p>\n<p>E-mail-en: 0-24 \u00f3ra v\u00e1rjuk k\u00e9rd\u00e9seiket, k\u00e9r\u00e9seiket, melyekre 24 \u00f3r\u00e1n bel\u00fcl v\u00e1laszolunk.<br \/>\ne-mail c\u00edm: <strong>beila.kulcsar@gmail.com<\/strong><\/p>\n<p><strong>Szem\u00e9lyes \u00e1tv\u00e9teli helysz\u00edn \u00e9s id\u0151pont<\/strong>\u00a0(el\u0151re egyeztetett id\u0151pontban)<\/p>\n<p>H\u00e9tk\u00f6znap: 17:30-21:00 \u00f3ra k\u00f6z\u00f6tt &#8211; K\u0151b\u00e1nya-Kispest metr\u00f3kij\u00e1ratn\u00e1l a BKK k\u00f6zpont el\u0151tt.<\/p>\n","protected":false},"excerpt":{"rendered":"<p>\u00dcgyf\u00e9lszolg\u00e1lat: Telefonon h\u00e9tk\u00f6znap 8-21 \u00f3ra k\u00f6z\u00f6tt \u00e1llunk kedves v\u00e1s\u00e1rl\u00f3ink rendelkez\u00e9s\u00e9re. telefonsz\u00e1m: 06\/30-525-6767 E-mail-en: 0-24 \u00f3ra v\u00e1rjuk k\u00e9rd\u00e9seiket, k\u00e9r\u00e9seiket, melyekre 24 \u00f3r\u00e1n bel\u00fcl v\u00e1laszolunk. e-mail c\u00edm: beila.kulcsar@gmail.com Szem\u00e9lyes \u00e1tv\u00e9teli helysz\u00edn \u00e9s id\u0151pont\u00a0(el\u0151re egyeztetett id\u0151pontban) H\u00e9tk\u00f6znap: 17:30-21:00 \u00f3ra k\u00f6z\u00f6tt &#8211; K\u0151b\u00e1nya-Kispest metr\u00f3kij\u00e1ratn\u00e1l a BKK k\u00f6zpont el\u0151tt.<\/p>\n","protected":false},"author":1,"featured_media":0,"parent":0,"menu_order":0,"comment_status":"closed","ping_status":"closed","template":"","meta":[],"_links":{"self":[{"href":"https:\/\/numizmatika.beila.hu\/index.php?rest_route=\/wp\/v2\/pages\/846"}],"collection":[{"href":"https:\/\/numizmatika.beila.hu\/index.php?rest_route=\/wp\/v2\/pages"}],"about":[{"href":"https:\/\/numizmatika.beila.hu\/index.php?rest_route=\/wp\/v2\/types\/page"}],"author":[{"embeddable":true,"href":"https:\/\/numizmatika.beila.hu\/index.php?rest_route=\/wp\/v2\/users\/1"}],"replies":[{"embeddable":true,"href":"https:\/\/numizmatika.beila.hu\/index.php?rest_route=%2Fwp%2Fv2%2Fcomments&post=846"}],"version-history":[{"count":4,"href":"https:\/\/numizmatika.beila.hu\/index.php?rest_route=\/wp\/v2\/pages\/846\/revisions"}],"predecessor-version":[{"id":3487,"href":"https:\/\/numizmatika.beila.hu\/index.php?rest_route=\/wp\/v2\/pages\/846\/revisions\/3487"}],"wp:attachment":[{"href":"https:\/\/numizmatika.beila.hu\/index.php?rest_route=%2Fwp%2Fv2%2Fmedia&parent=846"}],"curies":[{"name":"wp","href":"https:\/\/api.w.org\/{rel}","templated":true}]}}