{"id":1015,"date":"2018-04-11T12:08:23","date_gmt":"2018-04-11T12:08:23","guid":{"rendered":"https:\/\/numizmatika.beila.hu\/?post_type=product&#038;p=1015"},"modified":"2025-04-17T18:32:37","modified_gmt":"2025-04-17T18:32:37","slug":"1946-10ezer-milpengo-bankjegy","status":"publish","type":"product","link":"https:\/\/numizmatika.beila.hu\/?product=1946-10ezer-milpengo-bankjegy","title":{"rendered":"1946. 10ezer milpeng\u0151 bankjegy"},"content":{"rendered":"<p>J\u00f3 min\u0151s\u00e9g\u0171 magyar pap\u00edrp\u00e9nz.<\/p>\n<p>L\u00e1sd a k\u00e9pet!<\/p>\n","protected":false},"excerpt":{"rendered":"<p>Kiv\u00e1l\u00f3 magyar bankjegy!<\/p>\n","protected":false},"featured_media":1016,"comment_status":"open","ping_status":"closed","template":"","meta":[],"product_cat":[71],"product_tag":[],"_links":{"self":[{"href":"https:\/\/numizmatika.beila.hu\/index.php?rest_route=\/wp\/v2\/product\/1015"}],"collection":[{"href":"https:\/\/numizmatika.beila.hu\/index.php?rest_route=\/wp\/v2\/product"}],"about":[{"href":"https:\/\/numizmatika.beila.hu\/index.php?rest_route=\/wp\/v2\/types\/product"}],"replies":[{"embeddable":true,"href":"https:\/\/numizmatika.beila.hu\/index.php?rest_route=%2Fwp%2Fv2%2Fcomments&post=1015"}],"wp:featuredmedia":[{"embeddable":true,"href":"https:\/\/numizmatika.beila.hu\/index.php?rest_route=\/wp\/v2\/media\/1016"}],"wp:attachment":[{"href":"https:\/\/numizmatika.beila.hu\/index.php?rest_route=%2Fwp%2Fv2%2Fmedia&parent=1015"}],"wp:term":[{"taxonomy":"product_cat","embeddable":true,"href":"https:\/\/numizmatika.beila.hu\/index.php?rest_route=%2Fwp%2Fv2%2Fproduct_cat&post=1015"},{"taxonomy":"product_tag","embeddable":true,"href":"https:\/\/numizmatika.beila.hu\/index.php?rest_route=%2Fwp%2Fv2%2Fproduct_tag&post=1015"}],"curies":[{"name":"wp","href":"https:\/\/api.w.org\/{rel}","templated":true}]}}