{"id":1151,"date":"2018-04-11T12:41:12","date_gmt":"2018-04-11T12:41:12","guid":{"rendered":"https:\/\/numizmatika.beila.hu\/?post_type=product&#038;p=1151"},"modified":"2025-04-10T07:12:55","modified_gmt":"2025-04-10T07:12:55","slug":"1946-50-ezer-adojegy-adopengorol-bankjegy","status":"publish","type":"product","link":"https:\/\/numizmatika.beila.hu\/?product=1946-50-ezer-adojegy-adopengorol-bankjegy","title":{"rendered":"1946. 50 ezer ad\u00f3jegy ad\u00f3peng\u0151r\u0151l bankjegy"},"content":{"rendered":"<p>J\u00f3 min\u0151s\u00e9g\u0171 magyar pap\u00edrp\u00e9nz a peng\u0151 korszakb\u00f3l!<\/p>\n<p>L\u00e1sd a k\u00e9peket!<\/p>\n","protected":false},"excerpt":{"rendered":"<p>Kiv\u00e1l\u00f3 magyar bankjegy!<\/p>\n","protected":false},"featured_media":1152,"comment_status":"open","ping_status":"closed","template":"","meta":[],"product_cat":[73],"product_tag":[],"_links":{"self":[{"href":"https:\/\/numizmatika.beila.hu\/index.php?rest_route=\/wp\/v2\/product\/1151"}],"collection":[{"href":"https:\/\/numizmatika.beila.hu\/index.php?rest_route=\/wp\/v2\/product"}],"about":[{"href":"https:\/\/numizmatika.beila.hu\/index.php?rest_route=\/wp\/v2\/types\/product"}],"replies":[{"embeddable":true,"href":"https:\/\/numizmatika.beila.hu\/index.php?rest_route=%2Fwp%2Fv2%2Fcomments&post=1151"}],"wp:featuredmedia":[{"embeddable":true,"href":"https:\/\/numizmatika.beila.hu\/index.php?rest_route=\/wp\/v2\/media\/1152"}],"wp:attachment":[{"href":"https:\/\/numizmatika.beila.hu\/index.php?rest_route=%2Fwp%2Fv2%2Fmedia&parent=1151"}],"wp:term":[{"taxonomy":"product_cat","embeddable":true,"href":"https:\/\/numizmatika.beila.hu\/index.php?rest_route=%2Fwp%2Fv2%2Fproduct_cat&post=1151"},{"taxonomy":"product_tag","embeddable":true,"href":"https:\/\/numizmatika.beila.hu\/index.php?rest_route=%2Fwp%2Fv2%2Fproduct_tag&post=1151"}],"curies":[{"name":"wp","href":"https:\/\/api.w.org\/{rel}","templated":true}]}}