{"id":1236,"date":"2018-04-12T10:51:55","date_gmt":"2018-04-12T10:51:55","guid":{"rendered":"https:\/\/numizmatika.beila.hu\/?post_type=product&#038;p=1236"},"modified":"2025-01-03T06:56:59","modified_gmt":"2025-01-03T06:56:59","slug":"1969-10-forint-bankjegy","status":"publish","type":"product","link":"https:\/\/numizmatika.beila.hu\/?product=1969-10-forint-bankjegy","title":{"rendered":"10 forint bankjegy (1969)"},"content":{"rendered":"<p>K\u00f6zepes \u00e1llapot\u00fa magyar pap\u00edrp\u00e9nz a forint korszakb\u00f3l.<\/p>\n<p>L\u00e1sd a k\u00e9peket!<\/p>\n","protected":false},"excerpt":{"rendered":"<p>Kiv\u00e1l\u00f3 magyar bankjegy!<\/p>\n","protected":false},"featured_media":1237,"comment_status":"open","ping_status":"closed","template":"","meta":[],"product_cat":[122],"product_tag":[],"_links":{"self":[{"href":"https:\/\/numizmatika.beila.hu\/index.php?rest_route=\/wp\/v2\/product\/1236"}],"collection":[{"href":"https:\/\/numizmatika.beila.hu\/index.php?rest_route=\/wp\/v2\/product"}],"about":[{"href":"https:\/\/numizmatika.beila.hu\/index.php?rest_route=\/wp\/v2\/types\/product"}],"replies":[{"embeddable":true,"href":"https:\/\/numizmatika.beila.hu\/index.php?rest_route=%2Fwp%2Fv2%2Fcomments&post=1236"}],"wp:featuredmedia":[{"embeddable":true,"href":"https:\/\/numizmatika.beila.hu\/index.php?rest_route=\/wp\/v2\/media\/1237"}],"wp:attachment":[{"href":"https:\/\/numizmatika.beila.hu\/index.php?rest_route=%2Fwp%2Fv2%2Fmedia&parent=1236"}],"wp:term":[{"taxonomy":"product_cat","embeddable":true,"href":"https:\/\/numizmatika.beila.hu\/index.php?rest_route=%2Fwp%2Fv2%2Fproduct_cat&post=1236"},{"taxonomy":"product_tag","embeddable":true,"href":"https:\/\/numizmatika.beila.hu\/index.php?rest_route=%2Fwp%2Fv2%2Fproduct_tag&post=1236"}],"curies":[{"name":"wp","href":"https:\/\/api.w.org\/{rel}","templated":true}]}}