{"id":130,"date":"2017-12-30T17:20:06","date_gmt":"2017-12-30T17:20:06","guid":{"rendered":"http:\/\/numizmatika.beila.hu\/?post_type=product&#038;p=130"},"modified":"2024-10-08T13:44:56","modified_gmt":"2024-10-08T13:44:56","slug":"vista-2-euros-ermealbum","status":"publish","type":"product","link":"https:\/\/numizmatika.beila.hu\/?product=vista-2-euros-ermealbum","title":{"rendered":"VISTA 2-eur\u00f3s \u00e9rmealbum"},"content":{"rendered":"<p>2-eur\u00f3s \u00e9rm\u00e9k t\u00e1rol\u00e1s\u00e1ra szolg\u00e1l\u00f3 album.<br \/>\nTartalma: 4 Vista-\u00e9rmetart\u00f3 lap \u00f6sszesen 80 db 2-eur\u00f3s \u00e9rme sz\u00e1m\u00e1ra, er\u0151s kartonb\u00f3l az elhelyez\u00e9st megk\u00f6nny\u00edt\u0151 ablakkal.<br \/>\nAz albumban ak\u00e1r 9 Vista-\u00e9rmetart\u00f3 lapot, \u00edgy maximum 180 db 2-eur\u00f3s \u00e9rm\u00e9t is elhelyezhet.<br \/>\nA nemes m\u0171b\u0151rk\u00f6t\u00e9s impoz\u00e1ns fed\u00e9l- \u00e9s gerincnyomattal kimondottan vonz\u00f3 l\u00e1tv\u00e1nyt biztos\u00edt.<br \/>\nAz album minden Vista- \u00e9s Optima \u00e9rmetart\u00f3 tokkal b\u0151v\u00edthet\u0151.<br \/>\nSz\u00ednes z\u00e1szl\u00f3s matric\u00e1kat tartalmaz.<br \/>\nV\u00e9d\u0151kazett\u00e1val egy\u00fctt.<br \/>\nA v\u00e9d\u0151kazetta k\u00fcls\u0151 m\u00e9rete: 250x280x65 mm.<\/p>\n","protected":false},"excerpt":{"rendered":"<p>VISTA lapokkal b\u0151v\u00edthet\u0151 \u00e9rmealbum.<\/p>\n","protected":false},"featured_media":131,"comment_status":"open","ping_status":"closed","template":"","meta":[],"product_cat":[42],"product_tag":[],"_links":{"self":[{"href":"https:\/\/numizmatika.beila.hu\/index.php?rest_route=\/wp\/v2\/product\/130"}],"collection":[{"href":"https:\/\/numizmatika.beila.hu\/index.php?rest_route=\/wp\/v2\/product"}],"about":[{"href":"https:\/\/numizmatika.beila.hu\/index.php?rest_route=\/wp\/v2\/types\/product"}],"replies":[{"embeddable":true,"href":"https:\/\/numizmatika.beila.hu\/index.php?rest_route=%2Fwp%2Fv2%2Fcomments&post=130"}],"wp:featuredmedia":[{"embeddable":true,"href":"https:\/\/numizmatika.beila.hu\/index.php?rest_route=\/wp\/v2\/media\/131"}],"wp:attachment":[{"href":"https:\/\/numizmatika.beila.hu\/index.php?rest_route=%2Fwp%2Fv2%2Fmedia&parent=130"}],"wp:term":[{"taxonomy":"product_cat","embeddable":true,"href":"https:\/\/numizmatika.beila.hu\/index.php?rest_route=%2Fwp%2Fv2%2Fproduct_cat&post=130"},{"taxonomy":"product_tag","embeddable":true,"href":"https:\/\/numizmatika.beila.hu\/index.php?rest_route=%2Fwp%2Fv2%2Fproduct_tag&post=130"}],"curies":[{"name":"wp","href":"https:\/\/api.w.org\/{rel}","templated":true}]}}