{"id":133,"date":"2017-12-30T17:50:51","date_gmt":"2017-12-30T17:50:51","guid":{"rendered":"http:\/\/numizmatika.beila.hu\/?post_type=product&#038;p=133"},"modified":"2024-10-08T13:50:44","modified_gmt":"2024-10-08T13:50:44","slug":"vista-euro-ermealbum-1-kotet","status":"publish","type":"product","link":"https:\/\/numizmatika.beila.hu\/?product=vista-euro-ermealbum-1-kotet","title":{"rendered":"VISTA eur\u00f3-\u00e9rmealbum 1. k\u00f6tet"},"content":{"rendered":"<p><strong>6 VISTA-\u00e9rmetart\u00f3 lappal a 12 &#8220;els\u0151 \u00f3r\u00e1s&#8221; eur\u00f3-\u00e1llam \u00e9rm\u00e9inek<\/strong><\/p>\n<p>Ausztria, Belgium, Finnorsz\u00e1g, Franciaorsz\u00e1g, G\u00f6r\u00f6gorsz\u00e1g, Hollandia, \u00cdrorsz\u00e1g, Luxemburg, N\u00e9metorsz\u00e1g, Olaszorsz\u00e1g, Portug\u00e1lia, Spanyolorsz\u00e1g<br \/>\nNemes m\u0171b\u0151rk\u00f6t\u00e9s impoz\u00e1ns h\u00e1t- \u00e9s bor\u00edt\u00f3nyomattal (v\u00e9d\u0151kartonban).<br \/>\nTartalom: 6 VISTA eur\u00f3-\u00e9rmelap tart\u00f3s kartonb\u00f3l kem\u00e9ny PVC v\u00e9d\u0151tokkal (12 orsz\u00e1ghoz &#8211; laponk\u00e9nt 2 orsz\u00e1g), prospektus inform\u00e1ci\u00f3kkal \u00e9s haszn\u00e1lati \u00fatmutat\u00f3val.<br \/>\nK\u00fcls\u0151 m\u00e9ret: 245x270x55 mm.<br \/>\nSz\u00edn: k\u00e9k.<\/p>\n","protected":false},"excerpt":{"rendered":"<p>VISTA lapokkal b\u0151v\u00edthet\u0151 \u00e9rmealbum.<\/p>\n","protected":false},"featured_media":134,"comment_status":"open","ping_status":"closed","template":"","meta":[],"product_cat":[42],"product_tag":[],"_links":{"self":[{"href":"https:\/\/numizmatika.beila.hu\/index.php?rest_route=\/wp\/v2\/product\/133"}],"collection":[{"href":"https:\/\/numizmatika.beila.hu\/index.php?rest_route=\/wp\/v2\/product"}],"about":[{"href":"https:\/\/numizmatika.beila.hu\/index.php?rest_route=\/wp\/v2\/types\/product"}],"replies":[{"embeddable":true,"href":"https:\/\/numizmatika.beila.hu\/index.php?rest_route=%2Fwp%2Fv2%2Fcomments&post=133"}],"wp:featuredmedia":[{"embeddable":true,"href":"https:\/\/numizmatika.beila.hu\/index.php?rest_route=\/wp\/v2\/media\/134"}],"wp:attachment":[{"href":"https:\/\/numizmatika.beila.hu\/index.php?rest_route=%2Fwp%2Fv2%2Fmedia&parent=133"}],"wp:term":[{"taxonomy":"product_cat","embeddable":true,"href":"https:\/\/numizmatika.beila.hu\/index.php?rest_route=%2Fwp%2Fv2%2Fproduct_cat&post=133"},{"taxonomy":"product_tag","embeddable":true,"href":"https:\/\/numizmatika.beila.hu\/index.php?rest_route=%2Fwp%2Fv2%2Fproduct_tag&post=133"}],"curies":[{"name":"wp","href":"https:\/\/api.w.org\/{rel}","templated":true}]}}