{"id":151,"date":"2017-12-30T17:57:06","date_gmt":"2017-12-30T17:57:06","guid":{"rendered":"http:\/\/numizmatika.beila.hu\/?post_type=product&#038;p=151"},"modified":"2024-10-08T13:50:33","modified_gmt":"2024-10-08T13:50:33","slug":"vista-euro-ermealbum-2-kotet","status":"publish","type":"product","link":"https:\/\/numizmatika.beila.hu\/?product=vista-euro-ermealbum-2-kotet","title":{"rendered":"VISTA eur\u00f3-\u00e9rmealbum 2. k\u00f6tet"},"content":{"rendered":"<p><strong>6 VISTA-\u00e9rmetart\u00f3 lappal a 12 \u00faj \u00e9s j\u00f6v\u0151beni eur\u00f3-\u00e1llamok \u00e9rm\u00e9inek<\/strong><\/p>\n<p>Bulg\u00e1ria, Ciprus, Cseh K\u00f6zt\u00e1rsas\u00e1g, \u00c9sztorsz\u00e1g, Lengyelorsz\u00e1g, Lettorsz\u00e1g, Litv\u00e1nai, M\u00e1lta, Magyarorsz\u00e1g, Rom\u00e1nia, Szlov\u00e1kia, Szlov\u00e9nia<br \/>\nNemes m\u0171b\u0151rk\u00f6t\u00e9s impoz\u00e1ns h\u00e1t- \u00e9s bor\u00edt\u00f3nyomattal (v\u00e9d\u0151kartonban).<br \/>\nTartalom: 6 VISTA eur\u00f3-\u00e9rmelap tart\u00f3s kartonb\u00f3l kem\u00e9ny PVC v\u00e9d\u0151tokkal (mind a 12 \u00faj eur\u00f3-\u00e1llam \u00e9rm\u00e9i sz\u00e1m\u00e1ra &#8211; laponk\u00e9nt 2 orsz\u00e1g).<br \/>\nK\u00fcls\u0151 m\u00e9ret: 245x270x55 mm.<br \/>\nSz\u00edn: k\u00e9k.<\/p>\n","protected":false},"excerpt":{"rendered":"<p>VISTA lapokkal b\u0151v\u00edthet\u0151 \u00e9rmealbum.<\/p>\n","protected":false},"featured_media":136,"comment_status":"open","ping_status":"closed","template":"","meta":[],"product_cat":[42],"product_tag":[],"_links":{"self":[{"href":"https:\/\/numizmatika.beila.hu\/index.php?rest_route=\/wp\/v2\/product\/151"}],"collection":[{"href":"https:\/\/numizmatika.beila.hu\/index.php?rest_route=\/wp\/v2\/product"}],"about":[{"href":"https:\/\/numizmatika.beila.hu\/index.php?rest_route=\/wp\/v2\/types\/product"}],"replies":[{"embeddable":true,"href":"https:\/\/numizmatika.beila.hu\/index.php?rest_route=%2Fwp%2Fv2%2Fcomments&post=151"}],"wp:featuredmedia":[{"embeddable":true,"href":"https:\/\/numizmatika.beila.hu\/index.php?rest_route=\/wp\/v2\/media\/136"}],"wp:attachment":[{"href":"https:\/\/numizmatika.beila.hu\/index.php?rest_route=%2Fwp%2Fv2%2Fmedia&parent=151"}],"wp:term":[{"taxonomy":"product_cat","embeddable":true,"href":"https:\/\/numizmatika.beila.hu\/index.php?rest_route=%2Fwp%2Fv2%2Fproduct_cat&post=151"},{"taxonomy":"product_tag","embeddable":true,"href":"https:\/\/numizmatika.beila.hu\/index.php?rest_route=%2Fwp%2Fv2%2Fproduct_tag&post=151"}],"curies":[{"name":"wp","href":"https:\/\/api.w.org\/{rel}","templated":true}]}}