{"id":152,"date":"2017-12-30T18:00:45","date_gmt":"2017-12-30T18:00:45","guid":{"rendered":"http:\/\/numizmatika.beila.hu\/?post_type=product&#038;p=152"},"modified":"2023-10-12T11:21:12","modified_gmt":"2023-10-12T11:21:12","slug":"numis-euro-ermealbum","status":"publish","type":"product","link":"https:\/\/numizmatika.beila.hu\/?product=numis-euro-ermealbum","title":{"rendered":"NUMIS eur\u00f3-\u00e9rmealbum+v\u00e9d\u0151tok"},"content":{"rendered":"<p>Komplett album m\u0171b\u0151rb\u0151l k\u00e9sz\u00fclt k\u00e9k 4-gy\u0171r\u0171s berak\u00f3j\u00e1ban 7 db NUMIS tokkal (21 komplett forgalmi eur\u00f3-\u00e9rmesorhoz) + sz\u00ednes z\u00e1szl\u00f3k feliratoz\u00e1si lehet\u0151s\u00e9ggel (k\u00f6zte az \u00faj eur\u00f3-\u00e1llamok is pl. Szlov\u00e9nia, Ciprus, M\u00e1lta, Lettorsz\u00e1g, Litv\u00e1nia stb.), feh\u00e9r elv\u00e1laszt\u00f3 lapok. Ez\u00fcst sz\u00edn\u0171 \u20ac-jel az albumbor\u00edt\u00f3n.<br \/>\nK\u00fcls\u0151 m\u00e9ret: 215x230x48 mm.<\/p>\n","protected":false},"excerpt":{"rendered":"<p>NUMIS lapokkal b\u0151v\u00edthet\u0151 \u00e9rmealbum.<\/p>\n","protected":false},"featured_media":137,"comment_status":"open","ping_status":"closed","template":"","meta":[],"product_cat":[42],"product_tag":[],"_links":{"self":[{"href":"https:\/\/numizmatika.beila.hu\/index.php?rest_route=\/wp\/v2\/product\/152"}],"collection":[{"href":"https:\/\/numizmatika.beila.hu\/index.php?rest_route=\/wp\/v2\/product"}],"about":[{"href":"https:\/\/numizmatika.beila.hu\/index.php?rest_route=\/wp\/v2\/types\/product"}],"replies":[{"embeddable":true,"href":"https:\/\/numizmatika.beila.hu\/index.php?rest_route=%2Fwp%2Fv2%2Fcomments&post=152"}],"wp:featuredmedia":[{"embeddable":true,"href":"https:\/\/numizmatika.beila.hu\/index.php?rest_route=\/wp\/v2\/media\/137"}],"wp:attachment":[{"href":"https:\/\/numizmatika.beila.hu\/index.php?rest_route=%2Fwp%2Fv2%2Fmedia&parent=152"}],"wp:term":[{"taxonomy":"product_cat","embeddable":true,"href":"https:\/\/numizmatika.beila.hu\/index.php?rest_route=%2Fwp%2Fv2%2Fproduct_cat&post=152"},{"taxonomy":"product_tag","embeddable":true,"href":"https:\/\/numizmatika.beila.hu\/index.php?rest_route=%2Fwp%2Fv2%2Fproduct_tag&post=152"}],"curies":[{"name":"wp","href":"https:\/\/api.w.org\/{rel}","templated":true}]}}