{"id":1529,"date":"2018-04-12T12:00:59","date_gmt":"2018-04-12T12:00:59","guid":{"rendered":"https:\/\/numizmatika.beila.hu\/?post_type=product&#038;p=1529"},"modified":"2024-10-05T14:57:04","modified_gmt":"2024-10-05T14:57:04","slug":"1920-20-filler-bankjegy","status":"publish","type":"product","link":"https:\/\/numizmatika.beila.hu\/?product=1920-20-filler-bankjegy","title":{"rendered":"1920. 20 fill\u00e9r bankjegy"},"content":{"rendered":"<p>A korona id\u0151szakhoz tartoz\u00f3 fill\u00e9r pap\u00edrp\u00e9nz.<\/p>\n<p>\u00c1llapotot, l\u00e1sd a k\u00e9peken!<\/p>\n","protected":false},"excerpt":{"rendered":"<p>Kiv\u00e1l\u00f3 magyar bankjegy!<\/p>\n","protected":false},"featured_media":1530,"comment_status":"open","ping_status":"closed","template":"","meta":[],"product_cat":[69],"product_tag":[],"_links":{"self":[{"href":"https:\/\/numizmatika.beila.hu\/index.php?rest_route=\/wp\/v2\/product\/1529"}],"collection":[{"href":"https:\/\/numizmatika.beila.hu\/index.php?rest_route=\/wp\/v2\/product"}],"about":[{"href":"https:\/\/numizmatika.beila.hu\/index.php?rest_route=\/wp\/v2\/types\/product"}],"replies":[{"embeddable":true,"href":"https:\/\/numizmatika.beila.hu\/index.php?rest_route=%2Fwp%2Fv2%2Fcomments&post=1529"}],"wp:featuredmedia":[{"embeddable":true,"href":"https:\/\/numizmatika.beila.hu\/index.php?rest_route=\/wp\/v2\/media\/1530"}],"wp:attachment":[{"href":"https:\/\/numizmatika.beila.hu\/index.php?rest_route=%2Fwp%2Fv2%2Fmedia&parent=1529"}],"wp:term":[{"taxonomy":"product_cat","embeddable":true,"href":"https:\/\/numizmatika.beila.hu\/index.php?rest_route=%2Fwp%2Fv2%2Fproduct_cat&post=1529"},{"taxonomy":"product_tag","embeddable":true,"href":"https:\/\/numizmatika.beila.hu\/index.php?rest_route=%2Fwp%2Fv2%2Fproduct_tag&post=1529"}],"curies":[{"name":"wp","href":"https:\/\/api.w.org\/{rel}","templated":true}]}}