{"id":154,"date":"2017-12-30T18:10:39","date_gmt":"2017-12-30T18:10:39","guid":{"rendered":"http:\/\/numizmatika.beila.hu\/?post_type=product&#038;p=154"},"modified":"2023-10-12T11:19:53","modified_gmt":"2023-10-12T11:19:53","slug":"euro-matrica-keszlet","status":"publish","type":"product","link":"https:\/\/numizmatika.beila.hu\/?product=euro-matrica-keszlet","title":{"rendered":"EURO matrica k\u00e9szlet"},"content":{"rendered":"<p>Semleges \u00e9rmetart\u00f3 lapok feliratoz\u00e1s\u00e1ra.<br \/>\nFeliratok minden eur\u00f3s orsz\u00e1ghoz \u00e9s a n\u00e9met p\u00e9nzverd\u00e9khez, k\u00f6tet (I-XII) \u00e9s \u00e9vsz\u00e1mok (1999-2024).<br \/>\nZ\u00e1szl\u00f3sorok a 24 eur\u00f3 orsz\u00e1gr\u00f3l, a kis\u00e1llamokr\u00f3l (San Marino, Vatik\u00e1n, Monaco, Andorra) \u00e9s 2 uni\u00f3s z\u00e1szl\u00f3val.<\/p>\n","protected":false},"excerpt":{"rendered":"<p>\u00c9rmetart\u00f3 lapok feliratoz\u00e1s\u00e1ra.<\/p>\n","protected":false},"featured_media":138,"comment_status":"open","ping_status":"closed","template":"","meta":[],"product_cat":[42],"product_tag":[],"_links":{"self":[{"href":"https:\/\/numizmatika.beila.hu\/index.php?rest_route=\/wp\/v2\/product\/154"}],"collection":[{"href":"https:\/\/numizmatika.beila.hu\/index.php?rest_route=\/wp\/v2\/product"}],"about":[{"href":"https:\/\/numizmatika.beila.hu\/index.php?rest_route=\/wp\/v2\/types\/product"}],"replies":[{"embeddable":true,"href":"https:\/\/numizmatika.beila.hu\/index.php?rest_route=%2Fwp%2Fv2%2Fcomments&post=154"}],"wp:featuredmedia":[{"embeddable":true,"href":"https:\/\/numizmatika.beila.hu\/index.php?rest_route=\/wp\/v2\/media\/138"}],"wp:attachment":[{"href":"https:\/\/numizmatika.beila.hu\/index.php?rest_route=%2Fwp%2Fv2%2Fmedia&parent=154"}],"wp:term":[{"taxonomy":"product_cat","embeddable":true,"href":"https:\/\/numizmatika.beila.hu\/index.php?rest_route=%2Fwp%2Fv2%2Fproduct_cat&post=154"},{"taxonomy":"product_tag","embeddable":true,"href":"https:\/\/numizmatika.beila.hu\/index.php?rest_route=%2Fwp%2Fv2%2Fproduct_tag&post=154"}],"curies":[{"name":"wp","href":"https:\/\/api.w.org\/{rel}","templated":true}]}}