{"id":155,"date":"2017-12-30T18:22:28","date_gmt":"2017-12-30T18:22:28","guid":{"rendered":"http:\/\/numizmatika.beila.hu\/?post_type=product&#038;p=155"},"modified":"2024-10-08T13:49:50","modified_gmt":"2024-10-08T13:49:50","slug":"vista-euros-ermetarto-lapok","status":"publish","type":"product","link":"https:\/\/numizmatika.beila.hu\/?product=vista-euros-ermetarto-lapok","title":{"rendered":"VISTA eur\u00f3s \u00e9rmetart\u00f3 lapok"},"content":{"rendered":"<p><strong>2 db s\u00f6t\u00e9tk\u00e9k VISTA \u00e9rmetart\u00f3 lap arany sz\u00edn\u0171 nyomattal.<\/strong><\/p>\n<p>T\u00edpusok:<br \/>\n&#8211; 8 \u00e9rm\u00e9b\u0151l \u00e1ll\u00f3, forgalmi eur\u00f3-\u00e9rmesorokhoz (2 lap\u201316 \u00e9rme\/lap)<br \/>\n&#8211; 2 eur\u00f3s \u00e9rm\u00e9khez (2 lap \u2013 20 \u00e9rme\/lap)<br \/>\n&#8211; 30 \u00e9ves az eur\u00f3 z\u00e1szl\u00f3 (2 lap-1&#215;11, 1&#215;12 \u00e9rme\/lap)<\/p>\n","protected":false},"excerpt":{"rendered":"<p>EURO \u00e9rme gy\u0171jt\u0151knek.<\/p>\n","protected":false},"featured_media":140,"comment_status":"open","ping_status":"closed","template":"","meta":[],"product_cat":[42],"product_tag":[],"_links":{"self":[{"href":"https:\/\/numizmatika.beila.hu\/index.php?rest_route=\/wp\/v2\/product\/155"}],"collection":[{"href":"https:\/\/numizmatika.beila.hu\/index.php?rest_route=\/wp\/v2\/product"}],"about":[{"href":"https:\/\/numizmatika.beila.hu\/index.php?rest_route=\/wp\/v2\/types\/product"}],"replies":[{"embeddable":true,"href":"https:\/\/numizmatika.beila.hu\/index.php?rest_route=%2Fwp%2Fv2%2Fcomments&post=155"}],"wp:featuredmedia":[{"embeddable":true,"href":"https:\/\/numizmatika.beila.hu\/index.php?rest_route=\/wp\/v2\/media\/140"}],"wp:attachment":[{"href":"https:\/\/numizmatika.beila.hu\/index.php?rest_route=%2Fwp%2Fv2%2Fmedia&parent=155"}],"wp:term":[{"taxonomy":"product_cat","embeddable":true,"href":"https:\/\/numizmatika.beila.hu\/index.php?rest_route=%2Fwp%2Fv2%2Fproduct_cat&post=155"},{"taxonomy":"product_tag","embeddable":true,"href":"https:\/\/numizmatika.beila.hu\/index.php?rest_route=%2Fwp%2Fv2%2Fproduct_tag&post=155"}],"curies":[{"name":"wp","href":"https:\/\/api.w.org\/{rel}","templated":true}]}}