{"id":1723,"date":"2018-04-12T13:24:02","date_gmt":"2018-04-12T13:24:02","guid":{"rendered":"https:\/\/numizmatika.beila.hu\/?post_type=product&#038;p=1723"},"modified":"2025-01-30T18:14:45","modified_gmt":"2025-01-30T18:14:45","slug":"1945-10-000-pengo-bankjegy","status":"publish","type":"product","link":"https:\/\/numizmatika.beila.hu\/?product=1945-10-000-pengo-bankjegy","title":{"rendered":"1945. 10.000 peng\u0151 bankjegy"},"content":{"rendered":"<p>A peng\u0151 id\u0151szakhoz tartoz\u00f3, j\u00f3 \u00e1llapot\u00fa magyar pap\u00edrp\u00e9nz.<\/p>\n<p>L\u00e1sd a k\u00e9peket!<\/p>\n","protected":false},"excerpt":{"rendered":"<p>Kiv\u00e1l\u00f3 magyar bankjegy!<\/p>\n","protected":false},"featured_media":1724,"comment_status":"open","ping_status":"closed","template":"","meta":[],"product_cat":[70],"product_tag":[],"_links":{"self":[{"href":"https:\/\/numizmatika.beila.hu\/index.php?rest_route=\/wp\/v2\/product\/1723"}],"collection":[{"href":"https:\/\/numizmatika.beila.hu\/index.php?rest_route=\/wp\/v2\/product"}],"about":[{"href":"https:\/\/numizmatika.beila.hu\/index.php?rest_route=\/wp\/v2\/types\/product"}],"replies":[{"embeddable":true,"href":"https:\/\/numizmatika.beila.hu\/index.php?rest_route=%2Fwp%2Fv2%2Fcomments&post=1723"}],"wp:featuredmedia":[{"embeddable":true,"href":"https:\/\/numizmatika.beila.hu\/index.php?rest_route=\/wp\/v2\/media\/1724"}],"wp:attachment":[{"href":"https:\/\/numizmatika.beila.hu\/index.php?rest_route=%2Fwp%2Fv2%2Fmedia&parent=1723"}],"wp:term":[{"taxonomy":"product_cat","embeddable":true,"href":"https:\/\/numizmatika.beila.hu\/index.php?rest_route=%2Fwp%2Fv2%2Fproduct_cat&post=1723"},{"taxonomy":"product_tag","embeddable":true,"href":"https:\/\/numizmatika.beila.hu\/index.php?rest_route=%2Fwp%2Fv2%2Fproduct_tag&post=1723"}],"curies":[{"name":"wp","href":"https:\/\/api.w.org\/{rel}","templated":true}]}}