{"id":1815,"date":"2018-04-13T11:22:57","date_gmt":"2018-04-13T11:22:57","guid":{"rendered":"https:\/\/numizmatika.beila.hu\/?post_type=product&#038;p=1815"},"modified":"2018-04-13T11:24:45","modified_gmt":"2018-04-13T11:24:45","slug":"hagen-jozsef-pecs-baranya-numizmatikai-bibliografiaja","status":"publish","type":"product","link":"https:\/\/numizmatika.beila.hu\/?product=hagen-jozsef-pecs-baranya-numizmatikai-bibliografiaja","title":{"rendered":"H\u00e1gen J\u00f3zsef &#8211; P\u00e9cs-Baranya numizmatikai bibliogr\u00e1fi\u00e1ja"},"content":{"rendered":"<p>2000-es kiad\u00e1s\u00fa, 220 oldalas, \u00faj k\u00f6nyv.<\/p>\n<p>L\u00e1sd a k\u00e9peket!<\/p>\n","protected":false},"excerpt":{"rendered":"<p>Numizmatikai k\u00f6nyv.<\/p>\n","protected":false},"featured_media":1816,"comment_status":"open","ping_status":"closed","template":"","meta":[],"product_cat":[78],"product_tag":[],"_links":{"self":[{"href":"https:\/\/numizmatika.beila.hu\/index.php?rest_route=\/wp\/v2\/product\/1815"}],"collection":[{"href":"https:\/\/numizmatika.beila.hu\/index.php?rest_route=\/wp\/v2\/product"}],"about":[{"href":"https:\/\/numizmatika.beila.hu\/index.php?rest_route=\/wp\/v2\/types\/product"}],"replies":[{"embeddable":true,"href":"https:\/\/numizmatika.beila.hu\/index.php?rest_route=%2Fwp%2Fv2%2Fcomments&post=1815"}],"wp:featuredmedia":[{"embeddable":true,"href":"https:\/\/numizmatika.beila.hu\/index.php?rest_route=\/wp\/v2\/media\/1816"}],"wp:attachment":[{"href":"https:\/\/numizmatika.beila.hu\/index.php?rest_route=%2Fwp%2Fv2%2Fmedia&parent=1815"}],"wp:term":[{"taxonomy":"product_cat","embeddable":true,"href":"https:\/\/numizmatika.beila.hu\/index.php?rest_route=%2Fwp%2Fv2%2Fproduct_cat&post=1815"},{"taxonomy":"product_tag","embeddable":true,"href":"https:\/\/numizmatika.beila.hu\/index.php?rest_route=%2Fwp%2Fv2%2Fproduct_tag&post=1815"}],"curies":[{"name":"wp","href":"https:\/\/api.w.org\/{rel}","templated":true}]}}