{"id":1818,"date":"2018-04-13T11:24:48","date_gmt":"2018-04-13T11:24:48","guid":{"rendered":"https:\/\/numizmatika.beila.hu\/?post_type=product&#038;p=1818"},"modified":"2018-04-13T11:26:23","modified_gmt":"2018-04-13T11:26:23","slug":"szigeti-istvan-a-dunai-allamok-penzrendszere-maria-tereziatol-napjainkig","status":"publish","type":"product","link":"https:\/\/numizmatika.beila.hu\/?product=szigeti-istvan-a-dunai-allamok-penzrendszere-maria-tereziatol-napjainkig","title":{"rendered":"Szigeti Istv\u00e1n &#8211; A dunai \u00e1llamok p\u00e9nzrendszere M\u00e1ria Ter\u00e9zi\u00e1t\u00f3l napjainkig"},"content":{"rendered":"<p>1971-es kiad\u00e1s\u00fa, 108 oldalas, haszn\u00e1lt k\u00f6nyv.<\/p>\n<p>L\u00e1sd a k\u00e9peket!<\/p>\n","protected":false},"excerpt":{"rendered":"<p>Numizmatikai k\u00f6nyv.<\/p>\n","protected":false},"featured_media":1819,"comment_status":"open","ping_status":"closed","template":"","meta":[],"product_cat":[78],"product_tag":[],"_links":{"self":[{"href":"https:\/\/numizmatika.beila.hu\/index.php?rest_route=\/wp\/v2\/product\/1818"}],"collection":[{"href":"https:\/\/numizmatika.beila.hu\/index.php?rest_route=\/wp\/v2\/product"}],"about":[{"href":"https:\/\/numizmatika.beila.hu\/index.php?rest_route=\/wp\/v2\/types\/product"}],"replies":[{"embeddable":true,"href":"https:\/\/numizmatika.beila.hu\/index.php?rest_route=%2Fwp%2Fv2%2Fcomments&post=1818"}],"wp:featuredmedia":[{"embeddable":true,"href":"https:\/\/numizmatika.beila.hu\/index.php?rest_route=\/wp\/v2\/media\/1819"}],"wp:attachment":[{"href":"https:\/\/numizmatika.beila.hu\/index.php?rest_route=%2Fwp%2Fv2%2Fmedia&parent=1818"}],"wp:term":[{"taxonomy":"product_cat","embeddable":true,"href":"https:\/\/numizmatika.beila.hu\/index.php?rest_route=%2Fwp%2Fv2%2Fproduct_cat&post=1818"},{"taxonomy":"product_tag","embeddable":true,"href":"https:\/\/numizmatika.beila.hu\/index.php?rest_route=%2Fwp%2Fv2%2Fproduct_tag&post=1818"}],"curies":[{"name":"wp","href":"https:\/\/api.w.org\/{rel}","templated":true}]}}