{"id":1821,"date":"2018-04-13T11:26:26","date_gmt":"2018-04-13T11:26:26","guid":{"rendered":"https:\/\/numizmatika.beila.hu\/?post_type=product&#038;p=1821"},"modified":"2018-04-13T11:32:06","modified_gmt":"2018-04-13T11:32:06","slug":"w-d-craig-coins-of-the-world-1750-1850","status":"publish","type":"product","link":"https:\/\/numizmatika.beila.hu\/?product=w-d-craig-coins-of-the-world-1750-1850","title":{"rendered":"W.D. Craig &#8211; Coins of the world 1750-1850"},"content":{"rendered":"<p>1976-os kiad\u00e1s\u00fa, 480 oldalas, haszn\u00e1lt k\u00f6nyv.<\/p>\n<p>L\u00e1sd a k\u00e9peket!<\/p>\n","protected":false},"excerpt":{"rendered":"<p>Numizmatikai k\u00f6nyv.<\/p>\n","protected":false},"featured_media":1822,"comment_status":"open","ping_status":"closed","template":"","meta":[],"product_cat":[78],"product_tag":[],"_links":{"self":[{"href":"https:\/\/numizmatika.beila.hu\/index.php?rest_route=\/wp\/v2\/product\/1821"}],"collection":[{"href":"https:\/\/numizmatika.beila.hu\/index.php?rest_route=\/wp\/v2\/product"}],"about":[{"href":"https:\/\/numizmatika.beila.hu\/index.php?rest_route=\/wp\/v2\/types\/product"}],"replies":[{"embeddable":true,"href":"https:\/\/numizmatika.beila.hu\/index.php?rest_route=%2Fwp%2Fv2%2Fcomments&post=1821"}],"wp:featuredmedia":[{"embeddable":true,"href":"https:\/\/numizmatika.beila.hu\/index.php?rest_route=\/wp\/v2\/media\/1822"}],"wp:attachment":[{"href":"https:\/\/numizmatika.beila.hu\/index.php?rest_route=%2Fwp%2Fv2%2Fmedia&parent=1821"}],"wp:term":[{"taxonomy":"product_cat","embeddable":true,"href":"https:\/\/numizmatika.beila.hu\/index.php?rest_route=%2Fwp%2Fv2%2Fproduct_cat&post=1821"},{"taxonomy":"product_tag","embeddable":true,"href":"https:\/\/numizmatika.beila.hu\/index.php?rest_route=%2Fwp%2Fv2%2Fproduct_tag&post=1821"}],"curies":[{"name":"wp","href":"https:\/\/api.w.org\/{rel}","templated":true}]}}