{"id":1827,"date":"2018-04-13T11:33:42","date_gmt":"2018-04-13T11:33:42","guid":{"rendered":"https:\/\/numizmatika.beila.hu\/?post_type=product&#038;p=1827"},"modified":"2018-04-17T11:17:09","modified_gmt":"2018-04-17T11:17:09","slug":"bilak-jidzny-csehszlovak-ermekatalogus-1921-1978","status":"publish","type":"product","link":"https:\/\/numizmatika.beila.hu\/?product=bilak-jidzny-csehszlovak-ermekatalogus-1921-1978","title":{"rendered":"Bilak-Jidzny &#8211; Csehszlov\u00e1k \u00c9rmekatal\u00f3gus 1921-1978"},"content":{"rendered":"<p>1981-es kiad\u00e1s\u00fa, 152 oldalas, haszn\u00e1lt k\u00f6nyv.<\/p>\n<p>L\u00e1sd a k\u00e9peket!<\/p>\n","protected":false},"excerpt":{"rendered":"<p>Numizmatikai k\u00f6nyv.<\/p>\n","protected":false},"featured_media":1834,"comment_status":"open","ping_status":"closed","template":"","meta":[],"product_cat":[78],"product_tag":[],"_links":{"self":[{"href":"https:\/\/numizmatika.beila.hu\/index.php?rest_route=\/wp\/v2\/product\/1827"}],"collection":[{"href":"https:\/\/numizmatika.beila.hu\/index.php?rest_route=\/wp\/v2\/product"}],"about":[{"href":"https:\/\/numizmatika.beila.hu\/index.php?rest_route=\/wp\/v2\/types\/product"}],"replies":[{"embeddable":true,"href":"https:\/\/numizmatika.beila.hu\/index.php?rest_route=%2Fwp%2Fv2%2Fcomments&post=1827"}],"wp:featuredmedia":[{"embeddable":true,"href":"https:\/\/numizmatika.beila.hu\/index.php?rest_route=\/wp\/v2\/media\/1834"}],"wp:attachment":[{"href":"https:\/\/numizmatika.beila.hu\/index.php?rest_route=%2Fwp%2Fv2%2Fmedia&parent=1827"}],"wp:term":[{"taxonomy":"product_cat","embeddable":true,"href":"https:\/\/numizmatika.beila.hu\/index.php?rest_route=%2Fwp%2Fv2%2Fproduct_cat&post=1827"},{"taxonomy":"product_tag","embeddable":true,"href":"https:\/\/numizmatika.beila.hu\/index.php?rest_route=%2Fwp%2Fv2%2Fproduct_tag&post=1827"}],"curies":[{"name":"wp","href":"https:\/\/api.w.org\/{rel}","templated":true}]}}