{"id":1830,"date":"2018-04-17T11:08:58","date_gmt":"2018-04-17T11:08:58","guid":{"rendered":"https:\/\/numizmatika.beila.hu\/?post_type=product&#038;p=1830"},"modified":"2018-04-17T11:19:27","modified_gmt":"2018-04-17T11:19:27","slug":"szollath-gyorgy-a-magyar-eremgyujtok-egyesuletenek-ermei-1984-1989","status":"publish","type":"product","link":"https:\/\/numizmatika.beila.hu\/?product=szollath-gyorgy-a-magyar-eremgyujtok-egyesuletenek-ermei-1984-1989","title":{"rendered":"Szoll\u00e1th Gy\u00f6rgy &#8211; A Magyar \u00c9remgy\u0171jt\u0151k Egyes\u00fclet\u00e9nek \u00e9rm\u00e9i 1984-1989"},"content":{"rendered":"<p>1990-es kiad\u00e1s\u00fa, 160 oldalas, \u00fajszer\u0171 k\u00f6nyv.<\/p>\n<p>L\u00e1sd a k\u00e9peket!<\/p>\n","protected":false},"excerpt":{"rendered":"<p>Numizmatikai k\u00f6nyv.<\/p>\n","protected":false},"featured_media":1828,"comment_status":"open","ping_status":"closed","template":"","meta":[],"product_cat":[78],"product_tag":[],"_links":{"self":[{"href":"https:\/\/numizmatika.beila.hu\/index.php?rest_route=\/wp\/v2\/product\/1830"}],"collection":[{"href":"https:\/\/numizmatika.beila.hu\/index.php?rest_route=\/wp\/v2\/product"}],"about":[{"href":"https:\/\/numizmatika.beila.hu\/index.php?rest_route=\/wp\/v2\/types\/product"}],"replies":[{"embeddable":true,"href":"https:\/\/numizmatika.beila.hu\/index.php?rest_route=%2Fwp%2Fv2%2Fcomments&post=1830"}],"wp:featuredmedia":[{"embeddable":true,"href":"https:\/\/numizmatika.beila.hu\/index.php?rest_route=\/wp\/v2\/media\/1828"}],"wp:attachment":[{"href":"https:\/\/numizmatika.beila.hu\/index.php?rest_route=%2Fwp%2Fv2%2Fmedia&parent=1830"}],"wp:term":[{"taxonomy":"product_cat","embeddable":true,"href":"https:\/\/numizmatika.beila.hu\/index.php?rest_route=%2Fwp%2Fv2%2Fproduct_cat&post=1830"},{"taxonomy":"product_tag","embeddable":true,"href":"https:\/\/numizmatika.beila.hu\/index.php?rest_route=%2Fwp%2Fv2%2Fproduct_tag&post=1830"}],"curies":[{"name":"wp","href":"https:\/\/api.w.org\/{rel}","templated":true}]}}