{"id":1849,"date":"2018-04-17T11:31:32","date_gmt":"2018-04-17T11:31:32","guid":{"rendered":"https:\/\/numizmatika.beila.hu\/?post_type=product&#038;p=1849"},"modified":"2018-04-17T11:34:11","modified_gmt":"2018-04-17T11:34:11","slug":"nudelman-laszlo-2-numizmatikai-aukcio-2005-aprilis-29-30","status":"publish","type":"product","link":"https:\/\/numizmatika.beila.hu\/?product=nudelman-laszlo-2-numizmatikai-aukcio-2005-aprilis-29-30","title":{"rendered":"Nudelman L\u00e1szl\u00f3 &#8211; 2. Numizmatikai aukci\u00f3 (2005. \u00e1prilis 29-30.)"},"content":{"rendered":"<p>2005-\u00f6s kiad\u00e1s\u00fa, 224 oldalas, \u00fajszer\u0171 katal\u00f3gus k\u00f6nyv.<\/p>\n<p>L\u00e1sd a k\u00e9peket!<\/p>\n","protected":false},"excerpt":{"rendered":"<p>Numizmatikai k\u00f6nyv.<\/p>\n","protected":false},"featured_media":1850,"comment_status":"open","ping_status":"closed","template":"","meta":[],"product_cat":[78],"product_tag":[],"_links":{"self":[{"href":"https:\/\/numizmatika.beila.hu\/index.php?rest_route=\/wp\/v2\/product\/1849"}],"collection":[{"href":"https:\/\/numizmatika.beila.hu\/index.php?rest_route=\/wp\/v2\/product"}],"about":[{"href":"https:\/\/numizmatika.beila.hu\/index.php?rest_route=\/wp\/v2\/types\/product"}],"replies":[{"embeddable":true,"href":"https:\/\/numizmatika.beila.hu\/index.php?rest_route=%2Fwp%2Fv2%2Fcomments&post=1849"}],"wp:featuredmedia":[{"embeddable":true,"href":"https:\/\/numizmatika.beila.hu\/index.php?rest_route=\/wp\/v2\/media\/1850"}],"wp:attachment":[{"href":"https:\/\/numizmatika.beila.hu\/index.php?rest_route=%2Fwp%2Fv2%2Fmedia&parent=1849"}],"wp:term":[{"taxonomy":"product_cat","embeddable":true,"href":"https:\/\/numizmatika.beila.hu\/index.php?rest_route=%2Fwp%2Fv2%2Fproduct_cat&post=1849"},{"taxonomy":"product_tag","embeddable":true,"href":"https:\/\/numizmatika.beila.hu\/index.php?rest_route=%2Fwp%2Fv2%2Fproduct_tag&post=1849"}],"curies":[{"name":"wp","href":"https:\/\/api.w.org\/{rel}","templated":true}]}}