{"id":1852,"date":"2018-04-17T11:34:14","date_gmt":"2018-04-17T11:34:14","guid":{"rendered":"https:\/\/numizmatika.beila.hu\/?post_type=product&#038;p=1852"},"modified":"2018-04-17T11:35:37","modified_gmt":"2018-04-17T11:35:37","slug":"h-d-rauch-87-numizmatikai-aukcio-2010-december-8-10","status":"publish","type":"product","link":"https:\/\/numizmatika.beila.hu\/?product=h-d-rauch-87-numizmatikai-aukcio-2010-december-8-10","title":{"rendered":"H.D.Rauch &#8211; 87. Numizmatikai aukci\u00f3 (2010. december 8-10.)"},"content":{"rendered":"<p>2010-es kiad\u00e1s\u00fa, 400 oldalas, \u00fajszer\u0171 katal\u00f3gus k\u00f6nyv.<\/p>\n<p>L\u00e1sd a k\u00e9peket!<\/p>\n","protected":false},"excerpt":{"rendered":"<p>Numizmatikai k\u00f6nyv.<\/p>\n","protected":false},"featured_media":1853,"comment_status":"open","ping_status":"closed","template":"","meta":[],"product_cat":[78],"product_tag":[],"_links":{"self":[{"href":"https:\/\/numizmatika.beila.hu\/index.php?rest_route=\/wp\/v2\/product\/1852"}],"collection":[{"href":"https:\/\/numizmatika.beila.hu\/index.php?rest_route=\/wp\/v2\/product"}],"about":[{"href":"https:\/\/numizmatika.beila.hu\/index.php?rest_route=\/wp\/v2\/types\/product"}],"replies":[{"embeddable":true,"href":"https:\/\/numizmatika.beila.hu\/index.php?rest_route=%2Fwp%2Fv2%2Fcomments&post=1852"}],"wp:featuredmedia":[{"embeddable":true,"href":"https:\/\/numizmatika.beila.hu\/index.php?rest_route=\/wp\/v2\/media\/1853"}],"wp:attachment":[{"href":"https:\/\/numizmatika.beila.hu\/index.php?rest_route=%2Fwp%2Fv2%2Fmedia&parent=1852"}],"wp:term":[{"taxonomy":"product_cat","embeddable":true,"href":"https:\/\/numizmatika.beila.hu\/index.php?rest_route=%2Fwp%2Fv2%2Fproduct_cat&post=1852"},{"taxonomy":"product_tag","embeddable":true,"href":"https:\/\/numizmatika.beila.hu\/index.php?rest_route=%2Fwp%2Fv2%2Fproduct_tag&post=1852"}],"curies":[{"name":"wp","href":"https:\/\/api.w.org\/{rel}","templated":true}]}}