{"id":1855,"date":"2018-04-17T11:35:40","date_gmt":"2018-04-17T11:35:40","guid":{"rendered":"https:\/\/numizmatika.beila.hu\/?post_type=product&#038;p=1855"},"modified":"2023-01-24T18:51:05","modified_gmt":"2023-01-24T18:51:05","slug":"euro-katalogus-2018-angol-nyelvu-kiadvany","status":"publish","type":"product","link":"https:\/\/numizmatika.beila.hu\/?product=euro-katalogus-2018-angol-nyelvu-kiadvany","title":{"rendered":"Euro katal\u00f3gus 2023 (angol nyelv\u0171 kiadv\u00e1ny)"},"content":{"rendered":"<p id=\"\" class=\"\"><strong id=\"\" class=\"\"><span id=\"\" class=\"\">Eur\u00f3 \u00e9rme \u00e9s bankjegy katal\u00f3gus 2023<\/span><\/strong><\/p>\n<p id=\"\" class=\"\"><br id=\"\" class=\"\" \/><span id=\"\" class=\"\">Leg\u00fajabb kiad\u00e1s, teljesen \u00faj, haszn\u00e1latlan!<\/span><\/p>\n<p id=\"\" class=\"\"><br id=\"\" class=\"\" \/><span id=\"\" class=\"\">Tartalma:<\/span><br id=\"\" class=\"\" \/><span id=\"\" class=\"\">&#8211; Minden forgalmi \u00e9s eml\u00e9k eur\u00f3-\u00e9rme 1999-t\u0151l<\/span><br id=\"\" class=\"\" \/><span id=\"\" class=\"\">&#8211; 2 eur\u00f3s eml\u00e9k\u00e9rm\u00e9k<\/span><br id=\"\" class=\"\" \/><span id=\"\" class=\"\">&#8211; Eur\u00f3 bankjegyek<\/span><br id=\"\" class=\"\" \/><span id=\"\" class=\"\">&#8211; Az eur\u00f3 bevezet\u00e9s\u00e9nek el\u0151t\u00f6rt\u00e9nete<\/span><br id=\"\" class=\"\" \/><span id=\"\" class=\"\">&#8211; Jegyzet<\/span><br id=\"\" class=\"\" \/><span id=\"\" class=\"\">&#8211; 868 sz\u00ednes oldal<\/span><\/p>\n<p id=\"\" class=\"\"><span id=\"\" class=\"\"><br id=\"\" class=\"\" \/>Az \u00e1r 1 db katal\u00f3gusra vonatkozik!<\/span><\/p>\n","protected":false},"excerpt":{"rendered":"<p>Numizmatikai k\u00f6nyv.<\/p>\n","protected":false},"featured_media":5721,"comment_status":"open","ping_status":"closed","template":"","meta":[],"product_cat":[91,78],"product_tag":[],"_links":{"self":[{"href":"https:\/\/numizmatika.beila.hu\/index.php?rest_route=\/wp\/v2\/product\/1855"}],"collection":[{"href":"https:\/\/numizmatika.beila.hu\/index.php?rest_route=\/wp\/v2\/product"}],"about":[{"href":"https:\/\/numizmatika.beila.hu\/index.php?rest_route=\/wp\/v2\/types\/product"}],"replies":[{"embeddable":true,"href":"https:\/\/numizmatika.beila.hu\/index.php?rest_route=%2Fwp%2Fv2%2Fcomments&post=1855"}],"wp:featuredmedia":[{"embeddable":true,"href":"https:\/\/numizmatika.beila.hu\/index.php?rest_route=\/wp\/v2\/media\/5721"}],"wp:attachment":[{"href":"https:\/\/numizmatika.beila.hu\/index.php?rest_route=%2Fwp%2Fv2%2Fmedia&parent=1855"}],"wp:term":[{"taxonomy":"product_cat","embeddable":true,"href":"https:\/\/numizmatika.beila.hu\/index.php?rest_route=%2Fwp%2Fv2%2Fproduct_cat&post=1855"},{"taxonomy":"product_tag","embeddable":true,"href":"https:\/\/numizmatika.beila.hu\/index.php?rest_route=%2Fwp%2Fv2%2Fproduct_tag&post=1855"}],"curies":[{"name":"wp","href":"https:\/\/api.w.org\/{rel}","templated":true}]}}