{"id":1861,"date":"2018-04-19T14:12:52","date_gmt":"2018-04-19T14:12:52","guid":{"rendered":"https:\/\/numizmatika.beila.hu\/?post_type=product&#038;p=1861"},"modified":"2018-05-31T11:31:46","modified_gmt":"2018-05-31T11:31:46","slug":"regi-olasz-kepeslapok-1930-as-evekbol","status":"publish","type":"product","link":"https:\/\/numizmatika.beila.hu\/?product=regi-olasz-kepeslapok-1930-as-evekbol","title":{"rendered":"R\u00e9gi olasz k\u00e9peslapok 1930-as \u00e9vekb\u0151l"},"content":{"rendered":"<h3 id=\"product_template_title\">Az al\u00e1bbi k\u00e9peslapok k\u00f6z\u00fcl lehet v\u00e1logatni:<\/h3>\n<p>Uffizii Gal\u00e9ri\u00e1ban ki\u00e1ll\u00edtott k\u00e9pek alapj\u00e1n:<\/p>\n<table width=\"578\">\n<tbody>\n<tr>\n<td width=\"78\">1<\/td>\n<td width=\"217\">Fra Filippo Lippi<\/td>\n<td width=\"283\">Vergine Che Adora Il Bambino<\/td>\n<\/tr>\n<tr>\n<td>2<\/td>\n<td>Sassoferrato<\/td>\n<td>Addolorata<\/td>\n<\/tr>\n<tr>\n<td>3<\/td>\n<td>Franciabigio<\/td>\n<td>Madonna Del Pozzo<\/td>\n<\/tr>\n<tr>\n<td>4<\/td>\n<td>Lorenzo da Credi<\/td>\n<td>La Madonna Che Adora Il Divin Figlio E Santi<\/td>\n<\/tr>\n<tr>\n<td>5<\/td>\n<td>Carlo Dolci<\/td>\n<td>La Maddalena<\/td>\n<\/tr>\n<tr>\n<td>6<\/td>\n<td>Correggio<\/td>\n<td>Vergine In Adorazione<\/td>\n<\/tr>\n<tr>\n<td>7<\/td>\n<td>Tiziano<\/td>\n<td>Ritratto Di Donna Detta La Flora<\/td>\n<\/tr>\n<tr>\n<td>8<\/td>\n<td>Michelangiolo<\/td>\n<td>Sacra Famiglia<\/td>\n<\/tr>\n<tr>\n<td>9<\/td>\n<td>Leonardo da Vinci<\/td>\n<td>L&#8217;Annunziazione<\/td>\n<\/tr>\n<tr>\n<td>10<\/td>\n<td>Raffaello Sanzio<\/td>\n<td>Ritratto Di Angiolo Doni<\/td>\n<\/tr>\n<tr>\n<td>11<\/td>\n<td>Raffaello Sanzio<\/td>\n<td>Madonna Del Cardellino<\/td>\n<\/tr>\n<tr>\n<td>12<\/td>\n<td>Raffaello Sanzio<\/td>\n<td>Ritratto Di Papa Giulio II<\/td>\n<\/tr>\n<tr>\n<td>13<\/td>\n<td>Botticelli<\/td>\n<td>Madonna Con Bambino E Angeli<\/td>\n<\/tr>\n<tr>\n<td>14<\/td>\n<td>Botticelli<\/td>\n<td>La Vergine Col Figlio, Detta Della Melagrana<\/td>\n<\/tr>\n<tr>\n<td>15<\/td>\n<td>Botticelli<\/td>\n<td>La Giuditta<\/td>\n<\/tr>\n<tr>\n<td>16<\/td>\n<td>Botticelli<\/td>\n<td>La Nascita Di Venere<\/td>\n<\/tr>\n<tr>\n<td>17<\/td>\n<td>Botticelli<\/td>\n<td>La Primavera<\/td>\n<\/tr>\n<tr>\n<td>18<\/td>\n<td>Botticelli<\/td>\n<td>La Calunnia<\/td>\n<\/tr>\n<tr>\n<td>19<\/td>\n<td>Tiziano<\/td>\n<td>Venere detta del Cagnolino<\/td>\n<\/tr>\n<tr>\n<td>20<\/td>\n<td>Albertinelli<\/td>\n<td>Visitaz. Della Vergine a S. Elisabetta<\/td>\n<\/tr>\n<\/tbody>\n<\/table>\n<div id=\"template_description_content\">\n<p><strong>A k\u00e9peslapok \u00e1ra: 350 Ft\/db<\/strong><\/p>\n<p><strong><br \/>\n<\/strong><strong>A k\u00e9pen l\u00e1that\u00f3 term\u00e9k ker\u00fcl a licitnyertes kez\u00e9be.<br \/>\n<\/strong><\/p>\n<p><strong><br \/>\nRendel\u00e9s eset\u00e9n a megjegyz\u00e9s rovatba lehet be\u00edrni, hogy mely k\u00e9peslapokat szeretn\u00e9 a kedves v\u00e1s\u00e1rl\u00f3.<\/strong><\/p>\n<\/div>\n","protected":false},"excerpt":{"rendered":"<p>Antik k\u00e9peslapok szerte a Vil\u00e1gb\u00f3l.<\/p>\n","protected":false},"featured_media":1863,"comment_status":"open","ping_status":"closed","template":"","meta":[],"product_cat":[80],"product_tag":[],"_links":{"self":[{"href":"https:\/\/numizmatika.beila.hu\/index.php?rest_route=\/wp\/v2\/product\/1861"}],"collection":[{"href":"https:\/\/numizmatika.beila.hu\/index.php?rest_route=\/wp\/v2\/product"}],"about":[{"href":"https:\/\/numizmatika.beila.hu\/index.php?rest_route=\/wp\/v2\/types\/product"}],"replies":[{"embeddable":true,"href":"https:\/\/numizmatika.beila.hu\/index.php?rest_route=%2Fwp%2Fv2%2Fcomments&post=1861"}],"wp:featuredmedia":[{"embeddable":true,"href":"https:\/\/numizmatika.beila.hu\/index.php?rest_route=\/wp\/v2\/media\/1863"}],"wp:attachment":[{"href":"https:\/\/numizmatika.beila.hu\/index.php?rest_route=%2Fwp%2Fv2%2Fmedia&parent=1861"}],"wp:term":[{"taxonomy":"product_cat","embeddable":true,"href":"https:\/\/numizmatika.beila.hu\/index.php?rest_route=%2Fwp%2Fv2%2Fproduct_cat&post=1861"},{"taxonomy":"product_tag","embeddable":true,"href":"https:\/\/numizmatika.beila.hu\/index.php?rest_route=%2Fwp%2Fv2%2Fproduct_tag&post=1861"}],"curies":[{"name":"wp","href":"https:\/\/api.w.org\/{rel}","templated":true}]}}