{"id":2125,"date":"2018-10-28T17:11:53","date_gmt":"2018-10-28T17:11:53","guid":{"rendered":"https:\/\/numizmatika.beila.hu\/?post_type=product&#038;p=2125"},"modified":"2026-01-14T08:52:13","modified_gmt":"2026-01-14T08:52:13","slug":"1881-ferenc-jozsef-emlekerem-rudolf-herceg-hazassagkotese","status":"publish","type":"product","link":"https:\/\/numizmatika.beila.hu\/?product=1881-ferenc-jozsef-emlekerem-rudolf-herceg-hazassagkotese","title":{"rendered":"1881. Ferenc J\u00f3zsef eml\u00e9k\u00e9rem, Rudolf herceg h\u00e1zass\u00e1gk\u00f6t\u00e9se"},"content":{"rendered":"<p><strong>1881. Ferenc J\u00f3zsef eml\u00e9k\u00e9rem, Rudolf herceg h\u00e1zass\u00e1gk\u00f6t\u00e9se (ut\u00e1nveret)<\/strong><\/p>\n<p>Jellemz\u0151k:<br \/>\nAnyag: aranyozott r\u00e9z\u00f6tv\u00f6zet<br \/>\nMin\u0151s\u00e9g: t\u00fck\u00f6rveret<br \/>\nS\u00faly: 35 g<br \/>\n\u00c1tm\u00e9r\u0151: 46 mm<br \/>\nDarabsz\u00e1m: 5000 db<\/p>\n<p>L\u00e1sd a k\u00e9peket!<\/p>\n","protected":false},"excerpt":{"rendered":"<p>Ut\u00e1nveret.<\/p>\n","protected":false},"featured_media":2126,"comment_status":"open","ping_status":"closed","template":"","meta":[],"product_cat":[91,65],"product_tag":[],"_links":{"self":[{"href":"https:\/\/numizmatika.beila.hu\/index.php?rest_route=\/wp\/v2\/product\/2125"}],"collection":[{"href":"https:\/\/numizmatika.beila.hu\/index.php?rest_route=\/wp\/v2\/product"}],"about":[{"href":"https:\/\/numizmatika.beila.hu\/index.php?rest_route=\/wp\/v2\/types\/product"}],"replies":[{"embeddable":true,"href":"https:\/\/numizmatika.beila.hu\/index.php?rest_route=%2Fwp%2Fv2%2Fcomments&post=2125"}],"wp:featuredmedia":[{"embeddable":true,"href":"https:\/\/numizmatika.beila.hu\/index.php?rest_route=\/wp\/v2\/media\/2126"}],"wp:attachment":[{"href":"https:\/\/numizmatika.beila.hu\/index.php?rest_route=%2Fwp%2Fv2%2Fmedia&parent=2125"}],"wp:term":[{"taxonomy":"product_cat","embeddable":true,"href":"https:\/\/numizmatika.beila.hu\/index.php?rest_route=%2Fwp%2Fv2%2Fproduct_cat&post=2125"},{"taxonomy":"product_tag","embeddable":true,"href":"https:\/\/numizmatika.beila.hu\/index.php?rest_route=%2Fwp%2Fv2%2Fproduct_tag&post=2125"}],"curies":[{"name":"wp","href":"https:\/\/api.w.org\/{rel}","templated":true}]}}