{"id":2128,"date":"2018-10-28T17:12:54","date_gmt":"2018-10-28T17:12:54","guid":{"rendered":"https:\/\/numizmatika.beila.hu\/?post_type=product&#038;p=2128"},"modified":"2022-01-05T12:50:03","modified_gmt":"2022-01-05T12:50:03","slug":"1686-i-lipot-10-dukat","status":"publish","type":"product","link":"https:\/\/numizmatika.beila.hu\/?product=1686-i-lipot-10-dukat","title":{"rendered":"1686. I. Lip\u00f3t 10 duk\u00e1t"},"content":{"rendered":"<p><strong>1686. I. Lip\u00f3t 10 duk\u00e1t (ut\u00e1nveret)<\/strong><\/p>\n<p>Jellemz\u0151k:<br \/>\nAnyag: aranyozott r\u00e9z\u00f6tv\u00f6zet<br \/>\nMin\u0151s\u00e9g: t\u00fck\u00f6rveret<br \/>\nS\u00faly: 35 g<br \/>\n\u00c1tm\u00e9r\u0151: 46 mm<br \/>\nDarabsz\u00e1m: 5000 db<\/p>\n<p>L\u00e1sd a k\u00e9peket!<\/p>\n","protected":false},"excerpt":{"rendered":"<p>Ut\u00e1nveret.<\/p>\n","protected":false},"featured_media":4317,"comment_status":"open","ping_status":"closed","template":"","meta":[],"product_cat":[65],"product_tag":[],"_links":{"self":[{"href":"https:\/\/numizmatika.beila.hu\/index.php?rest_route=\/wp\/v2\/product\/2128"}],"collection":[{"href":"https:\/\/numizmatika.beila.hu\/index.php?rest_route=\/wp\/v2\/product"}],"about":[{"href":"https:\/\/numizmatika.beila.hu\/index.php?rest_route=\/wp\/v2\/types\/product"}],"replies":[{"embeddable":true,"href":"https:\/\/numizmatika.beila.hu\/index.php?rest_route=%2Fwp%2Fv2%2Fcomments&post=2128"}],"wp:featuredmedia":[{"embeddable":true,"href":"https:\/\/numizmatika.beila.hu\/index.php?rest_route=\/wp\/v2\/media\/4317"}],"wp:attachment":[{"href":"https:\/\/numizmatika.beila.hu\/index.php?rest_route=%2Fwp%2Fv2%2Fmedia&parent=2128"}],"wp:term":[{"taxonomy":"product_cat","embeddable":true,"href":"https:\/\/numizmatika.beila.hu\/index.php?rest_route=%2Fwp%2Fv2%2Fproduct_cat&post=2128"},{"taxonomy":"product_tag","embeddable":true,"href":"https:\/\/numizmatika.beila.hu\/index.php?rest_route=%2Fwp%2Fv2%2Fproduct_tag&post=2128"}],"curies":[{"name":"wp","href":"https:\/\/api.w.org\/{rel}","templated":true}]}}