{"id":2210,"date":"2018-11-27T14:25:59","date_gmt":"2018-11-27T14:25:59","guid":{"rendered":"https:\/\/numizmatika.beila.hu\/?post_type=product&#038;p=2210"},"modified":"2024-10-08T13:34:22","modified_gmt":"2024-10-08T13:34:22","slug":"ermedoboz-4-db-tarolo-talcaval","status":"publish","type":"product","link":"https:\/\/numizmatika.beila.hu\/?product=ermedoboz-4-db-tarolo-talcaval","title":{"rendered":"\u00c9rmedoboz 4 db t\u00e1rol\u00f3 t\u00e1lc\u00e1val"},"content":{"rendered":"<ul>\n<li>S\u00f6t\u00e9tk\u00e9k \u00e9rmetart\u00f3 doboz magas sz\u00ednvonal\u00fa m\u0171b\u0151r bor\u00edt\u00e1ssal, tetej\u00e9n nyomott mint\u00e1val.<\/li>\n<li>K\u00f6nyvk\u00f6t\u00e9szeti kivitel.<\/li>\n<li>2 r\u00e9zsz\u00edn\u0171 patentz\u00e1r.<\/li>\n<li>Tartalma: 2 t\u00e1bla egyenk\u00e9nt 24 \u00e9rme (max. 45 mm \u00e1tm\u00e9r\u0151ig) \u00e9s 2 t\u00e1bla egyenk\u00e9nt 40 \u00e9rme (max. 33 mm \u00e1tm\u00e9r\u0151ig) elhelyez\u00e9s\u00e9re.<\/li>\n<li>K\u00fcls\u0151 m\u00e9ret: 355 x 50 x 250 mm.<\/li>\n<\/ul>\n<p>A k\u00e9p csak illusztr\u00e1ci\u00f3, az \u00e9rm\u00e9k nem r\u00e9sze az aj\u00e1nlatnak.<\/p>\n","protected":false},"excerpt":{"rendered":"<p>Numizmatikai \u00e9rme kieg\u00e9sz\u00edt\u0151.<\/p>\n","protected":false},"featured_media":2211,"comment_status":"open","ping_status":"closed","template":"","meta":[],"product_cat":[101,91,48],"product_tag":[],"_links":{"self":[{"href":"https:\/\/numizmatika.beila.hu\/index.php?rest_route=\/wp\/v2\/product\/2210"}],"collection":[{"href":"https:\/\/numizmatika.beila.hu\/index.php?rest_route=\/wp\/v2\/product"}],"about":[{"href":"https:\/\/numizmatika.beila.hu\/index.php?rest_route=\/wp\/v2\/types\/product"}],"replies":[{"embeddable":true,"href":"https:\/\/numizmatika.beila.hu\/index.php?rest_route=%2Fwp%2Fv2%2Fcomments&post=2210"}],"wp:featuredmedia":[{"embeddable":true,"href":"https:\/\/numizmatika.beila.hu\/index.php?rest_route=\/wp\/v2\/media\/2211"}],"wp:attachment":[{"href":"https:\/\/numizmatika.beila.hu\/index.php?rest_route=%2Fwp%2Fv2%2Fmedia&parent=2210"}],"wp:term":[{"taxonomy":"product_cat","embeddable":true,"href":"https:\/\/numizmatika.beila.hu\/index.php?rest_route=%2Fwp%2Fv2%2Fproduct_cat&post=2210"},{"taxonomy":"product_tag","embeddable":true,"href":"https:\/\/numizmatika.beila.hu\/index.php?rest_route=%2Fwp%2Fv2%2Fproduct_tag&post=2210"}],"curies":[{"name":"wp","href":"https:\/\/api.w.org\/{rel}","templated":true}]}}