{"id":2549,"date":"2018-12-14T08:53:54","date_gmt":"2018-12-14T08:53:54","guid":{"rendered":"https:\/\/numizmatika.beila.hu\/?post_type=product&#038;p=2549"},"modified":"2025-02-07T11:01:19","modified_gmt":"2025-02-07T11:01:19","slug":"1995-200-forint-erme-verdefenyes-magyar","status":"publish","type":"product","link":"https:\/\/numizmatika.beila.hu\/?product=1995-200-forint-erme-verdefenyes-magyar","title":{"rendered":"2021. 5 Ft-os eml\u00e9ksorozat (6 db k\u00fcl\u00f6nf\u00e9le)"},"content":{"rendered":"<h2>5 Ft-os eml\u00e9ksorozat<\/h2>\n<p>L\u00e1sd a k\u00e9peket!<\/p>\n<p>Mindig a k\u00e9pen l\u00e1that\u00f3 term\u00e9k ker\u00fcl a v\u00e1s\u00e1rl\u00f3 kez\u00e9be.<\/p>\n<p>Az \u00e1r 1 teljes sorozatra vonatkozik (6 db 5 Ft-os k\u00fcl\u00f6nb\u00f6z\u0151 h\u00e1tlappal &#8211; F:O:R:I:N:T)<\/p>\n","protected":false},"excerpt":{"rendered":"<p>magyar \u00e9rme<\/p>\n","protected":false},"featured_media":4672,"comment_status":"open","ping_status":"closed","template":"","meta":[],"product_cat":[101,91,64],"product_tag":[],"_links":{"self":[{"href":"https:\/\/numizmatika.beila.hu\/index.php?rest_route=\/wp\/v2\/product\/2549"}],"collection":[{"href":"https:\/\/numizmatika.beila.hu\/index.php?rest_route=\/wp\/v2\/product"}],"about":[{"href":"https:\/\/numizmatika.beila.hu\/index.php?rest_route=\/wp\/v2\/types\/product"}],"replies":[{"embeddable":true,"href":"https:\/\/numizmatika.beila.hu\/index.php?rest_route=%2Fwp%2Fv2%2Fcomments&post=2549"}],"wp:featuredmedia":[{"embeddable":true,"href":"https:\/\/numizmatika.beila.hu\/index.php?rest_route=\/wp\/v2\/media\/4672"}],"wp:attachment":[{"href":"https:\/\/numizmatika.beila.hu\/index.php?rest_route=%2Fwp%2Fv2%2Fmedia&parent=2549"}],"wp:term":[{"taxonomy":"product_cat","embeddable":true,"href":"https:\/\/numizmatika.beila.hu\/index.php?rest_route=%2Fwp%2Fv2%2Fproduct_cat&post=2549"},{"taxonomy":"product_tag","embeddable":true,"href":"https:\/\/numizmatika.beila.hu\/index.php?rest_route=%2Fwp%2Fv2%2Fproduct_tag&post=2549"}],"curies":[{"name":"wp","href":"https:\/\/api.w.org\/{rel}","templated":true}]}}