{"id":3314,"date":"2020-02-12T15:43:20","date_gmt":"2020-02-12T15:43:20","guid":{"rendered":"https:\/\/numizmatika.beila.hu\/?post_type=product&#038;p=3314"},"modified":"2024-12-01T09:59:34","modified_gmt":"2024-12-01T09:59:34","slug":"oroszorszag-5-rubel-bankjegy-1909","status":"publish","type":"product","link":"https:\/\/numizmatika.beila.hu\/?product=oroszorszag-5-rubel-bankjegy-1909","title":{"rendered":"Oroszorsz\u00e1g 5 rubel bankjegy 1909"},"content":{"rendered":"<p>L\u00e1sd a k\u00e9peket! A sorsz\u00e1m elt\u00e9rhet!<\/p>\n","protected":false},"excerpt":{"rendered":"<p>Bankjegyek szerte a Vil\u00e1gb\u00f3l!<\/p>\n","protected":false},"featured_media":3307,"comment_status":"open","ping_status":"closed","template":"","meta":[],"product_cat":[115],"product_tag":[],"_links":{"self":[{"href":"https:\/\/numizmatika.beila.hu\/index.php?rest_route=\/wp\/v2\/product\/3314"}],"collection":[{"href":"https:\/\/numizmatika.beila.hu\/index.php?rest_route=\/wp\/v2\/product"}],"about":[{"href":"https:\/\/numizmatika.beila.hu\/index.php?rest_route=\/wp\/v2\/types\/product"}],"replies":[{"embeddable":true,"href":"https:\/\/numizmatika.beila.hu\/index.php?rest_route=%2Fwp%2Fv2%2Fcomments&post=3314"}],"wp:featuredmedia":[{"embeddable":true,"href":"https:\/\/numizmatika.beila.hu\/index.php?rest_route=\/wp\/v2\/media\/3307"}],"wp:attachment":[{"href":"https:\/\/numizmatika.beila.hu\/index.php?rest_route=%2Fwp%2Fv2%2Fmedia&parent=3314"}],"wp:term":[{"taxonomy":"product_cat","embeddable":true,"href":"https:\/\/numizmatika.beila.hu\/index.php?rest_route=%2Fwp%2Fv2%2Fproduct_cat&post=3314"},{"taxonomy":"product_tag","embeddable":true,"href":"https:\/\/numizmatika.beila.hu\/index.php?rest_route=%2Fwp%2Fv2%2Fproduct_tag&post=3314"}],"curies":[{"name":"wp","href":"https:\/\/api.w.org\/{rel}","templated":true}]}}