{"id":3315,"date":"2020-02-12T15:45:18","date_gmt":"2020-02-12T15:45:18","guid":{"rendered":"https:\/\/numizmatika.beila.hu\/?post_type=product&#038;p=3315"},"modified":"2024-12-01T09:59:11","modified_gmt":"2024-12-01T09:59:11","slug":"oroszorszag-10-rubel-bankjegy-1909","status":"publish","type":"product","link":"https:\/\/numizmatika.beila.hu\/?product=oroszorszag-10-rubel-bankjegy-1909","title":{"rendered":"Oroszorsz\u00e1g 10 rubel bankjegy 1909"},"content":{"rendered":"<p>L\u00e1sd a k\u00e9peket! A sorsz\u00e1m elt\u00e9rhet!<\/p>\n","protected":false},"excerpt":{"rendered":"<p>Bankjegyek szerte a Vil\u00e1gb\u00f3l!<\/p>\n","protected":false},"featured_media":3305,"comment_status":"open","ping_status":"closed","template":"","meta":[],"product_cat":[115],"product_tag":[],"_links":{"self":[{"href":"https:\/\/numizmatika.beila.hu\/index.php?rest_route=\/wp\/v2\/product\/3315"}],"collection":[{"href":"https:\/\/numizmatika.beila.hu\/index.php?rest_route=\/wp\/v2\/product"}],"about":[{"href":"https:\/\/numizmatika.beila.hu\/index.php?rest_route=\/wp\/v2\/types\/product"}],"replies":[{"embeddable":true,"href":"https:\/\/numizmatika.beila.hu\/index.php?rest_route=%2Fwp%2Fv2%2Fcomments&post=3315"}],"wp:featuredmedia":[{"embeddable":true,"href":"https:\/\/numizmatika.beila.hu\/index.php?rest_route=\/wp\/v2\/media\/3305"}],"wp:attachment":[{"href":"https:\/\/numizmatika.beila.hu\/index.php?rest_route=%2Fwp%2Fv2%2Fmedia&parent=3315"}],"wp:term":[{"taxonomy":"product_cat","embeddable":true,"href":"https:\/\/numizmatika.beila.hu\/index.php?rest_route=%2Fwp%2Fv2%2Fproduct_cat&post=3315"},{"taxonomy":"product_tag","embeddable":true,"href":"https:\/\/numizmatika.beila.hu\/index.php?rest_route=%2Fwp%2Fv2%2Fproduct_tag&post=3315"}],"curies":[{"name":"wp","href":"https:\/\/api.w.org\/{rel}","templated":true}]}}