{"id":3699,"date":"2021-05-04T16:30:30","date_gmt":"2021-05-04T16:30:30","guid":{"rendered":"https:\/\/numizmatika.beila.hu\/?post_type=product&#038;p=3699"},"modified":"2024-10-14T10:16:36","modified_gmt":"2024-10-14T10:16:36","slug":"pitcairn-szigetek-20-pounds-bankjegy-unc-2018","status":"publish","type":"product","link":"https:\/\/numizmatika.beila.hu\/?product=pitcairn-szigetek-20-pounds-bankjegy-unc-2018","title":{"rendered":"Pitcairn-szigetek 20 pounds bankjegy (UNC) 2018"},"content":{"rendered":"<h2><strong>Csodasz\u00e9p bankjegyek szerte a Vil\u00e1gb\u00f3l!<\/strong><\/h2>\n<p>L\u00e1sd a k\u00e9peket!<\/p>\n<p>A k\u00e9peken az el\u0151 \u00e9s h\u00e1tlap k\u00e9pei l\u00e1that\u00f3ak.<\/p>\n<p>L\u00e1sd a k\u00e9peket (mindig a k\u00e9pen l\u00e1that\u00f3 term\u00e9k ker\u00fcl a kedves v\u00e1s\u00e1rl\u00f3 kez\u00e9be).<\/p>\n","protected":false},"excerpt":{"rendered":"<p>Kiv\u00e1l\u00f3 bankjegyek a Vil\u00e1g minden t\u00e1j\u00e1r\u00f3l!<\/p>\n","protected":false},"featured_media":3690,"comment_status":"open","ping_status":"closed","template":"","meta":[],"product_cat":[112],"product_tag":[],"_links":{"self":[{"href":"https:\/\/numizmatika.beila.hu\/index.php?rest_route=\/wp\/v2\/product\/3699"}],"collection":[{"href":"https:\/\/numizmatika.beila.hu\/index.php?rest_route=\/wp\/v2\/product"}],"about":[{"href":"https:\/\/numizmatika.beila.hu\/index.php?rest_route=\/wp\/v2\/types\/product"}],"replies":[{"embeddable":true,"href":"https:\/\/numizmatika.beila.hu\/index.php?rest_route=%2Fwp%2Fv2%2Fcomments&post=3699"}],"wp:featuredmedia":[{"embeddable":true,"href":"https:\/\/numizmatika.beila.hu\/index.php?rest_route=\/wp\/v2\/media\/3690"}],"wp:attachment":[{"href":"https:\/\/numizmatika.beila.hu\/index.php?rest_route=%2Fwp%2Fv2%2Fmedia&parent=3699"}],"wp:term":[{"taxonomy":"product_cat","embeddable":true,"href":"https:\/\/numizmatika.beila.hu\/index.php?rest_route=%2Fwp%2Fv2%2Fproduct_cat&post=3699"},{"taxonomy":"product_tag","embeddable":true,"href":"https:\/\/numizmatika.beila.hu\/index.php?rest_route=%2Fwp%2Fv2%2Fproduct_tag&post=3699"}],"curies":[{"name":"wp","href":"https:\/\/api.w.org\/{rel}","templated":true}]}}