{"id":3852,"date":"2021-05-08T09:14:51","date_gmt":"2021-05-08T09:14:51","guid":{"rendered":"https:\/\/numizmatika.beila.hu\/?post_type=product&#038;p=3852"},"modified":"2024-11-08T16:04:01","modified_gmt":"2024-11-08T16:04:01","slug":"100-forint-bankjegy-1984","status":"publish","type":"product","link":"https:\/\/numizmatika.beila.hu\/?product=100-forint-bankjegy-1984","title":{"rendered":"100 forint bankjegy (1984)"},"content":{"rendered":"<h2><strong>Csodasz\u00e9p magyar bankjegy!<\/strong><\/h2>\n<p>A k\u00e9pen l\u00e1that\u00f3 \u00e1llapot\u00fa term\u00e9k ker\u00fcl a kedves v\u00e1s\u00e1rl\u00f3 kez\u00e9be.<br \/>\n\u00c1llapotot, l\u00e1sd a k\u00e9peken!<\/p>\n","protected":false},"excerpt":{"rendered":"<p>Kiv\u00e1l\u00f3 magyar bankjegy!<\/p>\n","protected":false},"featured_media":3846,"comment_status":"open","ping_status":"closed","template":"","meta":[],"product_cat":[125],"product_tag":[],"_links":{"self":[{"href":"https:\/\/numizmatika.beila.hu\/index.php?rest_route=\/wp\/v2\/product\/3852"}],"collection":[{"href":"https:\/\/numizmatika.beila.hu\/index.php?rest_route=\/wp\/v2\/product"}],"about":[{"href":"https:\/\/numizmatika.beila.hu\/index.php?rest_route=\/wp\/v2\/types\/product"}],"replies":[{"embeddable":true,"href":"https:\/\/numizmatika.beila.hu\/index.php?rest_route=%2Fwp%2Fv2%2Fcomments&post=3852"}],"wp:featuredmedia":[{"embeddable":true,"href":"https:\/\/numizmatika.beila.hu\/index.php?rest_route=\/wp\/v2\/media\/3846"}],"wp:attachment":[{"href":"https:\/\/numizmatika.beila.hu\/index.php?rest_route=%2Fwp%2Fv2%2Fmedia&parent=3852"}],"wp:term":[{"taxonomy":"product_cat","embeddable":true,"href":"https:\/\/numizmatika.beila.hu\/index.php?rest_route=%2Fwp%2Fv2%2Fproduct_cat&post=3852"},{"taxonomy":"product_tag","embeddable":true,"href":"https:\/\/numizmatika.beila.hu\/index.php?rest_route=%2Fwp%2Fv2%2Fproduct_tag&post=3852"}],"curies":[{"name":"wp","href":"https:\/\/api.w.org\/{rel}","templated":true}]}}