{"id":3884,"date":"2021-05-08T09:25:25","date_gmt":"2021-05-08T09:25:25","guid":{"rendered":"https:\/\/numizmatika.beila.hu\/?post_type=product&#038;p=3884"},"modified":"2021-05-08T09:49:09","modified_gmt":"2021-05-08T09:49:09","slug":"500-forint-bankjegy-unc-2011","status":"publish","type":"product","link":"https:\/\/numizmatika.beila.hu\/?product=500-forint-bankjegy-unc-2011","title":{"rendered":"500 forint bankjegy UNC (2011)"},"content":{"rendered":"<h2><strong>Csodasz\u00e9p magyar bankjegy!<\/strong><\/h2>\n<p>A k\u00e9pen l\u00e1that\u00f3 term\u00e9k ker\u00fcl a kedves v\u00e1s\u00e1rl\u00f3 kez\u00e9be.<br \/>\nMinden bankjegy h\u00e1tlapj\u00e1t is felt\u00f6lt\u00f6ttem, hogy eg\u00e9szen pontosan l\u00e1that\u00f3 legyen a bankjegy mindk\u00e9t oldala.<\/p>\n<p>\u00c1llapotot, l\u00e1sd a k\u00e9peken!<\/p>\n","protected":false},"excerpt":{"rendered":"<p>Kiv\u00e1l\u00f3 magyar bankjegy!<\/p>\n","protected":false},"featured_media":3877,"comment_status":"open","ping_status":"closed","template":"","meta":[],"product_cat":[127],"product_tag":[],"_links":{"self":[{"href":"https:\/\/numizmatika.beila.hu\/index.php?rest_route=\/wp\/v2\/product\/3884"}],"collection":[{"href":"https:\/\/numizmatika.beila.hu\/index.php?rest_route=\/wp\/v2\/product"}],"about":[{"href":"https:\/\/numizmatika.beila.hu\/index.php?rest_route=\/wp\/v2\/types\/product"}],"replies":[{"embeddable":true,"href":"https:\/\/numizmatika.beila.hu\/index.php?rest_route=%2Fwp%2Fv2%2Fcomments&post=3884"}],"wp:featuredmedia":[{"embeddable":true,"href":"https:\/\/numizmatika.beila.hu\/index.php?rest_route=\/wp\/v2\/media\/3877"}],"wp:attachment":[{"href":"https:\/\/numizmatika.beila.hu\/index.php?rest_route=%2Fwp%2Fv2%2Fmedia&parent=3884"}],"wp:term":[{"taxonomy":"product_cat","embeddable":true,"href":"https:\/\/numizmatika.beila.hu\/index.php?rest_route=%2Fwp%2Fv2%2Fproduct_cat&post=3884"},{"taxonomy":"product_tag","embeddable":true,"href":"https:\/\/numizmatika.beila.hu\/index.php?rest_route=%2Fwp%2Fv2%2Fproduct_tag&post=3884"}],"curies":[{"name":"wp","href":"https:\/\/api.w.org\/{rel}","templated":true}]}}