{"id":4379,"date":"2022-02-06T17:43:08","date_gmt":"2022-02-06T17:43:08","guid":{"rendered":"https:\/\/numizmatika.beila.hu\/?post_type=product&#038;p=4379"},"modified":"2022-03-04T13:25:12","modified_gmt":"2022-03-04T13:25:12","slug":"1920-2-korona-ab-sorszam-vekony-csillagos-bankjegy","status":"publish","type":"product","link":"https:\/\/numizmatika.beila.hu\/?product=1920-2-korona-ab-sorszam-vekony-csillagos-bankjegy","title":{"rendered":"1920. 2 korona (ab sorsz\u00e1m, v\u00e9kony csillagos) bankjegy"},"content":{"rendered":"<p>K\u00f6zepes \u00e1llapot\u00fa, magyar pap\u00edrp\u00e9nz.<\/p>\n<p>L\u00e1sd a k\u00e9peket!<\/p>\n","protected":false},"excerpt":{"rendered":"<p>Kiv\u00e1l\u00f3 magyar bankjegy!<\/p>\n","protected":false},"featured_media":4380,"comment_status":"open","ping_status":"closed","template":"","meta":[],"product_cat":[69],"product_tag":[],"_links":{"self":[{"href":"https:\/\/numizmatika.beila.hu\/index.php?rest_route=\/wp\/v2\/product\/4379"}],"collection":[{"href":"https:\/\/numizmatika.beila.hu\/index.php?rest_route=\/wp\/v2\/product"}],"about":[{"href":"https:\/\/numizmatika.beila.hu\/index.php?rest_route=\/wp\/v2\/types\/product"}],"replies":[{"embeddable":true,"href":"https:\/\/numizmatika.beila.hu\/index.php?rest_route=%2Fwp%2Fv2%2Fcomments&post=4379"}],"wp:featuredmedia":[{"embeddable":true,"href":"https:\/\/numizmatika.beila.hu\/index.php?rest_route=\/wp\/v2\/media\/4380"}],"wp:attachment":[{"href":"https:\/\/numizmatika.beila.hu\/index.php?rest_route=%2Fwp%2Fv2%2Fmedia&parent=4379"}],"wp:term":[{"taxonomy":"product_cat","embeddable":true,"href":"https:\/\/numizmatika.beila.hu\/index.php?rest_route=%2Fwp%2Fv2%2Fproduct_cat&post=4379"},{"taxonomy":"product_tag","embeddable":true,"href":"https:\/\/numizmatika.beila.hu\/index.php?rest_route=%2Fwp%2Fv2%2Fproduct_tag&post=4379"}],"curies":[{"name":"wp","href":"https:\/\/api.w.org\/{rel}","templated":true}]}}