{"id":4494,"date":"2022-02-09T14:27:16","date_gmt":"2022-02-09T14:27:16","guid":{"rendered":"https:\/\/numizmatika.beila.hu\/?post_type=product&#038;p=4494"},"modified":"2023-10-12T11:57:53","modified_gmt":"2023-10-12T11:57:53","slug":"50-mm-15-mm-atmeroju-nagyito","status":"publish","type":"product","link":"https:\/\/numizmatika.beila.hu\/?product=50-mm-15-mm-atmeroju-nagyito","title":{"rendered":"50 mm\/15 mm \u00e1tm\u00e9r\u0151j\u0171 nagy\u00edt\u00f3"},"content":{"rendered":"<p>Teljesen \u00faj, haszn\u00e1latlan.<\/p>\n<p>3x \u00e9s 6x nagy\u00edt\u00e1s.<\/p>\n<p>M\u00e9ret: 145 x 52 x 12 mm<\/p>\n","protected":false},"excerpt":{"rendered":"<p>Nagy\u00edt\u00f3.<\/p>\n","protected":false},"featured_media":4495,"comment_status":"open","ping_status":"closed","template":"","meta":[],"product_cat":[57],"product_tag":[],"_links":{"self":[{"href":"https:\/\/numizmatika.beila.hu\/index.php?rest_route=\/wp\/v2\/product\/4494"}],"collection":[{"href":"https:\/\/numizmatika.beila.hu\/index.php?rest_route=\/wp\/v2\/product"}],"about":[{"href":"https:\/\/numizmatika.beila.hu\/index.php?rest_route=\/wp\/v2\/types\/product"}],"replies":[{"embeddable":true,"href":"https:\/\/numizmatika.beila.hu\/index.php?rest_route=%2Fwp%2Fv2%2Fcomments&post=4494"}],"wp:featuredmedia":[{"embeddable":true,"href":"https:\/\/numizmatika.beila.hu\/index.php?rest_route=\/wp\/v2\/media\/4495"}],"wp:attachment":[{"href":"https:\/\/numizmatika.beila.hu\/index.php?rest_route=%2Fwp%2Fv2%2Fmedia&parent=4494"}],"wp:term":[{"taxonomy":"product_cat","embeddable":true,"href":"https:\/\/numizmatika.beila.hu\/index.php?rest_route=%2Fwp%2Fv2%2Fproduct_cat&post=4494"},{"taxonomy":"product_tag","embeddable":true,"href":"https:\/\/numizmatika.beila.hu\/index.php?rest_route=%2Fwp%2Fv2%2Fproduct_tag&post=4494"}],"curies":[{"name":"wp","href":"https:\/\/api.w.org\/{rel}","templated":true}]}}