{"id":4511,"date":"2022-02-09T14:28:26","date_gmt":"2022-02-09T14:28:26","guid":{"rendered":"https:\/\/numizmatika.beila.hu\/?post_type=product&#038;p=4511"},"modified":"2023-10-12T11:57:45","modified_gmt":"2023-10-12T11:57:45","slug":"75-mm-20-mm-atmeroju-nagyito","status":"publish","type":"product","link":"https:\/\/numizmatika.beila.hu\/?product=75-mm-20-mm-atmeroju-nagyito","title":{"rendered":"75 mm\/20 mm \u00e1tm\u00e9r\u0151j\u0171 nagy\u00edt\u00f3"},"content":{"rendered":"<p>Teljesen \u00faj, haszn\u00e1latlan.<\/p>\n<p>2,5x \u00e9s 5x nagy\u00edt\u00e1s.<\/p>\n<p>M\u00e9ret: 170 x 77 x 12 mm<\/p>\n","protected":false},"excerpt":{"rendered":"<p>Nagy\u00edt\u00f3.<\/p>\n","protected":false},"featured_media":4498,"comment_status":"open","ping_status":"closed","template":"","meta":[],"product_cat":[57],"product_tag":[],"_links":{"self":[{"href":"https:\/\/numizmatika.beila.hu\/index.php?rest_route=\/wp\/v2\/product\/4511"}],"collection":[{"href":"https:\/\/numizmatika.beila.hu\/index.php?rest_route=\/wp\/v2\/product"}],"about":[{"href":"https:\/\/numizmatika.beila.hu\/index.php?rest_route=\/wp\/v2\/types\/product"}],"replies":[{"embeddable":true,"href":"https:\/\/numizmatika.beila.hu\/index.php?rest_route=%2Fwp%2Fv2%2Fcomments&post=4511"}],"wp:featuredmedia":[{"embeddable":true,"href":"https:\/\/numizmatika.beila.hu\/index.php?rest_route=\/wp\/v2\/media\/4498"}],"wp:attachment":[{"href":"https:\/\/numizmatika.beila.hu\/index.php?rest_route=%2Fwp%2Fv2%2Fmedia&parent=4511"}],"wp:term":[{"taxonomy":"product_cat","embeddable":true,"href":"https:\/\/numizmatika.beila.hu\/index.php?rest_route=%2Fwp%2Fv2%2Fproduct_cat&post=4511"},{"taxonomy":"product_tag","embeddable":true,"href":"https:\/\/numizmatika.beila.hu\/index.php?rest_route=%2Fwp%2Fv2%2Fproduct_tag&post=4511"}],"curies":[{"name":"wp","href":"https:\/\/api.w.org\/{rel}","templated":true}]}}