{"id":4513,"date":"2022-02-09T14:29:55","date_gmt":"2022-02-09T14:29:55","guid":{"rendered":"https:\/\/numizmatika.beila.hu\/?post_type=product&#038;p=4513"},"modified":"2023-10-12T11:57:30","modified_gmt":"2023-10-12T11:57:30","slug":"90-mm-atmeroju-nagyito","status":"publish","type":"product","link":"https:\/\/numizmatika.beila.hu\/?product=90-mm-atmeroju-nagyito","title":{"rendered":"90 mm \u00e1tm\u00e9r\u0151j\u0171 nagy\u00edt\u00f3"},"content":{"rendered":"<p>Teljesen \u00faj, haszn\u00e1latlan.<\/p>\n<p>2x nagy\u00edt\u00e1s.<\/p>\n<p>M\u00e9ret: 185 x 92 x 12 mm<\/p>\n","protected":false},"excerpt":{"rendered":"<p>Nagy\u00edt\u00f3. (LU5)<\/p>\n","protected":false},"featured_media":4505,"comment_status":"open","ping_status":"closed","template":"","meta":[],"product_cat":[57],"product_tag":[],"_links":{"self":[{"href":"https:\/\/numizmatika.beila.hu\/index.php?rest_route=\/wp\/v2\/product\/4513"}],"collection":[{"href":"https:\/\/numizmatika.beila.hu\/index.php?rest_route=\/wp\/v2\/product"}],"about":[{"href":"https:\/\/numizmatika.beila.hu\/index.php?rest_route=\/wp\/v2\/types\/product"}],"replies":[{"embeddable":true,"href":"https:\/\/numizmatika.beila.hu\/index.php?rest_route=%2Fwp%2Fv2%2Fcomments&post=4513"}],"wp:featuredmedia":[{"embeddable":true,"href":"https:\/\/numizmatika.beila.hu\/index.php?rest_route=\/wp\/v2\/media\/4505"}],"wp:attachment":[{"href":"https:\/\/numizmatika.beila.hu\/index.php?rest_route=%2Fwp%2Fv2%2Fmedia&parent=4513"}],"wp:term":[{"taxonomy":"product_cat","embeddable":true,"href":"https:\/\/numizmatika.beila.hu\/index.php?rest_route=%2Fwp%2Fv2%2Fproduct_cat&post=4513"},{"taxonomy":"product_tag","embeddable":true,"href":"https:\/\/numizmatika.beila.hu\/index.php?rest_route=%2Fwp%2Fv2%2Fproduct_tag&post=4513"}],"curies":[{"name":"wp","href":"https:\/\/api.w.org\/{rel}","templated":true}]}}