{"id":4518,"date":"2022-02-09T14:45:03","date_gmt":"2022-02-09T14:45:03","guid":{"rendered":"https:\/\/numizmatika.beila.hu\/?post_type=product&#038;p=4518"},"modified":"2023-10-12T11:56:58","modified_gmt":"2023-10-12T11:56:58","slug":"6-az-1-ben-nagyito","status":"publish","type":"product","link":"https:\/\/numizmatika.beila.hu\/?product=6-az-1-ben-nagyito","title":{"rendered":"6 az 1-ben nagy\u00edt\u00f3"},"content":{"rendered":"<p>Teljesen \u00faj, haszn\u00e1latlan.<\/p>\n<p>3x \u00e9s 10x nagy\u00edt\u00e1s<br \/>\n1x LED feh\u00e9r f\u00e9nnyel<br \/>\n15x LED mikroszk\u00f3p<br \/>\nUV l\u00e1mpa \u00e9s LED zsebl\u00e1mpa.<\/p>\n<p>M\u00e9ret: 39 x 115 x 19 mm.<\/p>\n<p>L\u00e1sd a k\u00e9pet!<\/p>\n","protected":false},"excerpt":{"rendered":"<p>Nagy\u00edt\u00f3. (LU176LED)<\/p>\n","protected":false},"featured_media":4497,"comment_status":"open","ping_status":"closed","template":"","meta":[],"product_cat":[57],"product_tag":[],"_links":{"self":[{"href":"https:\/\/numizmatika.beila.hu\/index.php?rest_route=\/wp\/v2\/product\/4518"}],"collection":[{"href":"https:\/\/numizmatika.beila.hu\/index.php?rest_route=\/wp\/v2\/product"}],"about":[{"href":"https:\/\/numizmatika.beila.hu\/index.php?rest_route=\/wp\/v2\/types\/product"}],"replies":[{"embeddable":true,"href":"https:\/\/numizmatika.beila.hu\/index.php?rest_route=%2Fwp%2Fv2%2Fcomments&post=4518"}],"wp:featuredmedia":[{"embeddable":true,"href":"https:\/\/numizmatika.beila.hu\/index.php?rest_route=\/wp\/v2\/media\/4497"}],"wp:attachment":[{"href":"https:\/\/numizmatika.beila.hu\/index.php?rest_route=%2Fwp%2Fv2%2Fmedia&parent=4518"}],"wp:term":[{"taxonomy":"product_cat","embeddable":true,"href":"https:\/\/numizmatika.beila.hu\/index.php?rest_route=%2Fwp%2Fv2%2Fproduct_cat&post=4518"},{"taxonomy":"product_tag","embeddable":true,"href":"https:\/\/numizmatika.beila.hu\/index.php?rest_route=%2Fwp%2Fv2%2Fproduct_tag&post=4518"}],"curies":[{"name":"wp","href":"https:\/\/api.w.org\/{rel}","templated":true}]}}