{"id":4611,"date":"2022-03-05T11:52:12","date_gmt":"2022-03-05T11:52:12","guid":{"rendered":"https:\/\/numizmatika.beila.hu\/?post_type=product&#038;p=4611"},"modified":"2023-04-03T06:30:01","modified_gmt":"2023-04-03T06:30:01","slug":"euro-bankjegy-sor-aranyozott-unc","status":"publish","type":"product","link":"https:\/\/numizmatika.beila.hu\/?product=euro-bankjegy-sor-aranyozott-unc","title":{"rendered":"EURO bankjegy sor (aranyozott &#8211; UNC)"},"content":{"rendered":"<h2><strong>Csodasz\u00e9p bankjegyek szerte a Vil\u00e1gb\u00f3l!<\/strong><\/h2>\n<p>L\u00e1sd a k\u00e9peket!<\/p>\n<p>A k\u00e9peken az el\u0151 \u00e9s h\u00e1tlap k\u00e9pei l\u00e1that\u00f3ak.<\/p>\n<p>L\u00e1sd a k\u00e9peket (mindig a k\u00e9pen l\u00e1that\u00f3 term\u00e9k ker\u00fcl a kedves v\u00e1s\u00e1rl\u00f3 kez\u00e9be).<\/p>\n","protected":false},"excerpt":{"rendered":"<p>Kiv\u00e1l\u00f3 bankjegyek a Vil\u00e1g minden t\u00e1j\u00e1r\u00f3l!<\/p>\n","protected":false},"featured_media":4607,"comment_status":"open","ping_status":"closed","template":"","meta":[],"product_cat":[112],"product_tag":[],"_links":{"self":[{"href":"https:\/\/numizmatika.beila.hu\/index.php?rest_route=\/wp\/v2\/product\/4611"}],"collection":[{"href":"https:\/\/numizmatika.beila.hu\/index.php?rest_route=\/wp\/v2\/product"}],"about":[{"href":"https:\/\/numizmatika.beila.hu\/index.php?rest_route=\/wp\/v2\/types\/product"}],"replies":[{"embeddable":true,"href":"https:\/\/numizmatika.beila.hu\/index.php?rest_route=%2Fwp%2Fv2%2Fcomments&post=4611"}],"wp:featuredmedia":[{"embeddable":true,"href":"https:\/\/numizmatika.beila.hu\/index.php?rest_route=\/wp\/v2\/media\/4607"}],"wp:attachment":[{"href":"https:\/\/numizmatika.beila.hu\/index.php?rest_route=%2Fwp%2Fv2%2Fmedia&parent=4611"}],"wp:term":[{"taxonomy":"product_cat","embeddable":true,"href":"https:\/\/numizmatika.beila.hu\/index.php?rest_route=%2Fwp%2Fv2%2Fproduct_cat&post=4611"},{"taxonomy":"product_tag","embeddable":true,"href":"https:\/\/numizmatika.beila.hu\/index.php?rest_route=%2Fwp%2Fv2%2Fproduct_tag&post=4611"}],"curies":[{"name":"wp","href":"https:\/\/api.w.org\/{rel}","templated":true}]}}