{"id":5139,"date":"2022-03-26T10:07:16","date_gmt":"2022-03-26T10:07:16","guid":{"rendered":"https:\/\/numizmatika.beila.hu\/?post_type=product&#038;p=5139"},"modified":"2022-03-26T10:08:30","modified_gmt":"2022-03-26T10:08:30","slug":"india-1-rupia-bankjegy-unc-1987","status":"publish","type":"product","link":"https:\/\/numizmatika.beila.hu\/?product=india-1-rupia-bankjegy-unc-1987","title":{"rendered":"India 1 r\u00fapia bankjegy (UNC) 1987"},"content":{"rendered":"<h2><strong>Csodasz\u00e9p bankjegyek szerte a Vil\u00e1gb\u00f3l!<\/strong><\/h2>\n<p>L\u00e1sd a k\u00e9peket!<\/p>\n<p>Mindig a k\u00e9pen l\u00e1that\u00f3 term\u00e9ket post\u00e1zom.<\/p>\n","protected":false},"excerpt":{"rendered":"<p>Bankjegyek szerte a Vil\u00e1gb\u00f3l!<\/p>\n","protected":false},"featured_media":5140,"comment_status":"open","ping_status":"closed","template":"","meta":[],"product_cat":[96],"product_tag":[],"_links":{"self":[{"href":"https:\/\/numizmatika.beila.hu\/index.php?rest_route=\/wp\/v2\/product\/5139"}],"collection":[{"href":"https:\/\/numizmatika.beila.hu\/index.php?rest_route=\/wp\/v2\/product"}],"about":[{"href":"https:\/\/numizmatika.beila.hu\/index.php?rest_route=\/wp\/v2\/types\/product"}],"replies":[{"embeddable":true,"href":"https:\/\/numizmatika.beila.hu\/index.php?rest_route=%2Fwp%2Fv2%2Fcomments&post=5139"}],"wp:featuredmedia":[{"embeddable":true,"href":"https:\/\/numizmatika.beila.hu\/index.php?rest_route=\/wp\/v2\/media\/5140"}],"wp:attachment":[{"href":"https:\/\/numizmatika.beila.hu\/index.php?rest_route=%2Fwp%2Fv2%2Fmedia&parent=5139"}],"wp:term":[{"taxonomy":"product_cat","embeddable":true,"href":"https:\/\/numizmatika.beila.hu\/index.php?rest_route=%2Fwp%2Fv2%2Fproduct_cat&post=5139"},{"taxonomy":"product_tag","embeddable":true,"href":"https:\/\/numizmatika.beila.hu\/index.php?rest_route=%2Fwp%2Fv2%2Fproduct_tag&post=5139"}],"curies":[{"name":"wp","href":"https:\/\/api.w.org\/{rel}","templated":true}]}}