{"id":538,"date":"2017-12-31T15:30:55","date_gmt":"2017-12-31T15:30:55","guid":{"rendered":"https:\/\/numizmatika.beila.hu\/?post_type=product&#038;p=538"},"modified":"2024-04-29T11:35:41","modified_gmt":"2024-04-29T11:35:41","slug":"numis-klasszikus-album","status":"publish","type":"product","link":"https:\/\/numizmatika.beila.hu\/?product=numis-klasszikus-album","title":{"rendered":"NUMIS klasszikus album"},"content":{"rendered":"<p>Komplett album klasszikus kivitelben, megfelel\u0151 v\u00e9d\u0151kazett\u00e1val. K\u00f6nyvk\u00f6t\u00e9szetileg kidolgozott m\u0171b\u0151r berak\u00f3, 4-gy\u0171r\u0171s mechanik\u00e1val, 5 NUMIS-tokkal \u00e9s 5 feh\u00e9r elv\u00e1laszt\u00f3lappal.<br \/>\nSz\u00ednek: kir\u00e1lyk\u00e9k, borv\u00f6r\u00f6s \u00e9s feny\u0151 z\u00f6ld.<br \/>\nK\u00fcls\u0151 m\u00e9ret: 235x240x60 mm.<\/p>\n","protected":false},"excerpt":{"rendered":"<p>NUMIS lapokkal b\u0151v\u00edthet\u0151 \u00e9rmealbum.<\/p>\n","protected":false},"featured_media":539,"comment_status":"open","ping_status":"closed","template":"","meta":[],"product_cat":[91,44],"product_tag":[],"_links":{"self":[{"href":"https:\/\/numizmatika.beila.hu\/index.php?rest_route=\/wp\/v2\/product\/538"}],"collection":[{"href":"https:\/\/numizmatika.beila.hu\/index.php?rest_route=\/wp\/v2\/product"}],"about":[{"href":"https:\/\/numizmatika.beila.hu\/index.php?rest_route=\/wp\/v2\/types\/product"}],"replies":[{"embeddable":true,"href":"https:\/\/numizmatika.beila.hu\/index.php?rest_route=%2Fwp%2Fv2%2Fcomments&post=538"}],"wp:featuredmedia":[{"embeddable":true,"href":"https:\/\/numizmatika.beila.hu\/index.php?rest_route=\/wp\/v2\/media\/539"}],"wp:attachment":[{"href":"https:\/\/numizmatika.beila.hu\/index.php?rest_route=%2Fwp%2Fv2%2Fmedia&parent=538"}],"wp:term":[{"taxonomy":"product_cat","embeddable":true,"href":"https:\/\/numizmatika.beila.hu\/index.php?rest_route=%2Fwp%2Fv2%2Fproduct_cat&post=538"},{"taxonomy":"product_tag","embeddable":true,"href":"https:\/\/numizmatika.beila.hu\/index.php?rest_route=%2Fwp%2Fv2%2Fproduct_tag&post=538"}],"curies":[{"name":"wp","href":"https:\/\/api.w.org\/{rel}","templated":true}]}}