{"id":545,"date":"2017-12-31T16:00:37","date_gmt":"2017-12-31T16:00:37","guid":{"rendered":"https:\/\/numizmatika.beila.hu\/?post_type=product&#038;p=545"},"modified":"2023-01-30T15:25:45","modified_gmt":"2023-01-30T15:25:45","slug":"numis-ermetarto-tok","status":"publish","type":"product","link":"https:\/\/numizmatika.beila.hu\/?product=numis-ermetarto-tok","title":{"rendered":"NUMIS \u00e9rmetart\u00f3 tok"},"content":{"rendered":"<p>NUMIS lapok 17 mm-t\u0151l 66 mm-ig.<br \/>\nK\u00fcls\u0151 m\u00e9ret: 193 x 217 mm (5 db\/csomag, feh\u00e9r elv\u00e1laszt\u00f3lapokkal)<br \/>\n1 csomagban 5 db azonos oszt\u00e1s\u00fa lap van.<\/p>\n<p>T\u00edpusok:<br \/>\n1. 66 mm-es \u00e9rm\u00e9knek 1 lapon 4 hely<br \/>\n2. 55 mm-es \u00e9rm\u00e9knek 1 lapon 6 hely<br \/>\n3. 50 mm-es (\u00e9rmekeretekhez) \u00e9rm\u00e9knek 1 lapon 12 hely<br \/>\n4. 44 mm-es \u00e9rm\u00e9knek 1 lapon 12 hely<br \/>\n5. 34 mm-es \u00e9rm\u00e9knek 1 lapon 20 hely<br \/>\n6. 25 mm-es \u00e9rm\u00e9knek 1 lapon 30 hely<br \/>\n7. 17 mm-es \u00e9rm\u00e9knek 1 lapon 48 hely<br \/>\n8. MIX \u00e9rm\u00e9knek 1 lapon 5+12+16 hely<br \/>\n9. EURO \u00e9rm\u00e9knek 1 lapon 3 komplett euro \u00e9rmesor hely<br \/>\n10. SORT-es \u00e9rm\u00e9knek 1-1 lap 12, 20, 30, 48, MIX (5+12+16) hely<\/p>\n","protected":false},"excerpt":{"rendered":"<p>NUMIS albumba val\u00f3 lapok.<\/p>\n","protected":false},"featured_media":546,"comment_status":"open","ping_status":"closed","template":"","meta":[],"product_cat":[52],"product_tag":[],"_links":{"self":[{"href":"https:\/\/numizmatika.beila.hu\/index.php?rest_route=\/wp\/v2\/product\/545"}],"collection":[{"href":"https:\/\/numizmatika.beila.hu\/index.php?rest_route=\/wp\/v2\/product"}],"about":[{"href":"https:\/\/numizmatika.beila.hu\/index.php?rest_route=\/wp\/v2\/types\/product"}],"replies":[{"embeddable":true,"href":"https:\/\/numizmatika.beila.hu\/index.php?rest_route=%2Fwp%2Fv2%2Fcomments&post=545"}],"wp:featuredmedia":[{"embeddable":true,"href":"https:\/\/numizmatika.beila.hu\/index.php?rest_route=\/wp\/v2\/media\/546"}],"wp:attachment":[{"href":"https:\/\/numizmatika.beila.hu\/index.php?rest_route=%2Fwp%2Fv2%2Fmedia&parent=545"}],"wp:term":[{"taxonomy":"product_cat","embeddable":true,"href":"https:\/\/numizmatika.beila.hu\/index.php?rest_route=%2Fwp%2Fv2%2Fproduct_cat&post=545"},{"taxonomy":"product_tag","embeddable":true,"href":"https:\/\/numizmatika.beila.hu\/index.php?rest_route=%2Fwp%2Fv2%2Fproduct_tag&post=545"}],"curies":[{"name":"wp","href":"https:\/\/api.w.org\/{rel}","templated":true}]}}