{"id":547,"date":"2017-12-31T16:06:29","date_gmt":"2017-12-31T16:06:29","guid":{"rendered":"https:\/\/numizmatika.beila.hu\/?post_type=product&#038;p=547"},"modified":"2023-10-12T11:31:38","modified_gmt":"2023-10-12T11:31:38","slug":"numis-ermealbum-vilag-gyujtemeny","status":"publish","type":"product","link":"https:\/\/numizmatika.beila.hu\/?product=numis-ermealbum-vilag-gyujtemeny","title":{"rendered":"Numis \u00e9rmealbum (Vil\u00e1g gy\u0171jtem\u00e9ny)"},"content":{"rendered":"<p>Album a vil\u00e1g 143 \u00e9rm\u00e9j\u00e9nek t\u00e1rol\u00e1s\u00e1ra.<br \/>\nTartalma: 5 k\u00fcl\u00f6nb\u00f6z\u0151 NUMIS-tok (1-1 db NUMIS 44, 34, 25, 17, MIX).<br \/>\nA tokok k\u00fcl\u00f6nb\u00f6z\u0151 beoszt\u00e1sainak k\u00f6sz\u00f6nhet\u0151en tetsz\u00e9s szerint elhelyezheti a legk\u00fcl\u00f6nb\u00f6z\u0151bb eredet\u0171 \u00e9s m\u00e9ret\u0171 \u00e9rm\u00e9ket.<br \/>\nAz album nemes s\u00f6t\u00e9tk\u00e9k m\u0171b\u0151rb\u0151l k\u00e9sz\u00fcl.<br \/>\nAz album gerinc- \u00e9s fed\u00e9lnyomata impoz\u00e1ns.<br \/>\nStabil 4-gy\u0171r\u0171s mechanik\u00e1j\u00e1val biztosan tartja gy\u0171jtem\u00e9ny\u00e9t.<br \/>\nK\u00fcls\u0151 m\u00e9ret: 230x220x50 mm.<\/p>\n","protected":false},"excerpt":{"rendered":"<p>NUMIS lapokkal b\u0151v\u00edthet\u0151 \u00e9rmealbum.<\/p>\n","protected":false},"featured_media":548,"comment_status":"open","ping_status":"closed","template":"","meta":[],"product_cat":[44],"product_tag":[],"_links":{"self":[{"href":"https:\/\/numizmatika.beila.hu\/index.php?rest_route=\/wp\/v2\/product\/547"}],"collection":[{"href":"https:\/\/numizmatika.beila.hu\/index.php?rest_route=\/wp\/v2\/product"}],"about":[{"href":"https:\/\/numizmatika.beila.hu\/index.php?rest_route=\/wp\/v2\/types\/product"}],"replies":[{"embeddable":true,"href":"https:\/\/numizmatika.beila.hu\/index.php?rest_route=%2Fwp%2Fv2%2Fcomments&post=547"}],"wp:featuredmedia":[{"embeddable":true,"href":"https:\/\/numizmatika.beila.hu\/index.php?rest_route=\/wp\/v2\/media\/548"}],"wp:attachment":[{"href":"https:\/\/numizmatika.beila.hu\/index.php?rest_route=%2Fwp%2Fv2%2Fmedia&parent=547"}],"wp:term":[{"taxonomy":"product_cat","embeddable":true,"href":"https:\/\/numizmatika.beila.hu\/index.php?rest_route=%2Fwp%2Fv2%2Fproduct_cat&post=547"},{"taxonomy":"product_tag","embeddable":true,"href":"https:\/\/numizmatika.beila.hu\/index.php?rest_route=%2Fwp%2Fv2%2Fproduct_tag&post=547"}],"curies":[{"name":"wp","href":"https:\/\/api.w.org\/{rel}","templated":true}]}}