{"id":5498,"date":"2022-04-17T13:36:11","date_gmt":"2022-04-17T13:36:11","guid":{"rendered":"https:\/\/numizmatika.beila.hu\/?post_type=product&#038;p=5498"},"modified":"2023-04-19T11:27:20","modified_gmt":"2023-04-19T11:27:20","slug":"1911-magyar-jelzalog-hitelbank-nyeremenyjegy-szarazpecsettel-es-belyegzessel","status":"publish","type":"product","link":"https:\/\/numizmatika.beila.hu\/?product=1911-magyar-jelzalog-hitelbank-nyeremenyjegy-szarazpecsettel-es-belyegzessel","title":{"rendered":"1911. Magyar Jelz\u00e1log Hitelbank nyerem\u00e9nyjegy sz\u00e1razpecs\u00e9ttel \u00e9s b\u00e9lyegz\u00e9ssel"},"content":{"rendered":"<p>J\u00f3 \u00e1llapotban l\u00e9v\u0151 magyar pap\u00edrr\u00e9gis\u00e9g.<\/p>\n<p>L\u00e1sd a k\u00e9peket.<\/p>\n","protected":false},"excerpt":{"rendered":"<p>J\u00f3 \u00e1llapotban l\u00e9v\u0151 magyar pap\u00edrr\u00e9gis\u00e9g. L\u00e1sd a k\u00e9peket.<\/p>\n","protected":false},"featured_media":5499,"comment_status":"open","ping_status":"closed","template":"","meta":[],"product_cat":[79],"product_tag":[],"_links":{"self":[{"href":"https:\/\/numizmatika.beila.hu\/index.php?rest_route=\/wp\/v2\/product\/5498"}],"collection":[{"href":"https:\/\/numizmatika.beila.hu\/index.php?rest_route=\/wp\/v2\/product"}],"about":[{"href":"https:\/\/numizmatika.beila.hu\/index.php?rest_route=\/wp\/v2\/types\/product"}],"replies":[{"embeddable":true,"href":"https:\/\/numizmatika.beila.hu\/index.php?rest_route=%2Fwp%2Fv2%2Fcomments&post=5498"}],"wp:featuredmedia":[{"embeddable":true,"href":"https:\/\/numizmatika.beila.hu\/index.php?rest_route=\/wp\/v2\/media\/5499"}],"wp:attachment":[{"href":"https:\/\/numizmatika.beila.hu\/index.php?rest_route=%2Fwp%2Fv2%2Fmedia&parent=5498"}],"wp:term":[{"taxonomy":"product_cat","embeddable":true,"href":"https:\/\/numizmatika.beila.hu\/index.php?rest_route=%2Fwp%2Fv2%2Fproduct_cat&post=5498"},{"taxonomy":"product_tag","embeddable":true,"href":"https:\/\/numizmatika.beila.hu\/index.php?rest_route=%2Fwp%2Fv2%2Fproduct_tag&post=5498"}],"curies":[{"name":"wp","href":"https:\/\/api.w.org\/{rel}","templated":true}]}}