{"id":550,"date":"2017-12-31T16:10:17","date_gmt":"2017-12-31T16:10:17","guid":{"rendered":"https:\/\/numizmatika.beila.hu\/?post_type=product&#038;p=550"},"modified":"2024-10-08T13:36:39","modified_gmt":"2024-10-08T13:36:39","slug":"numis-ermealbum-borbol-vedokazettaval","status":"publish","type":"product","link":"https:\/\/numizmatika.beila.hu\/?product=numis-ermealbum-borbol-vedokazettaval","title":{"rendered":"NUMIS \u00e9rmealbum b\u0151rb\u0151l v\u00e9d\u0151kazett\u00e1val"},"content":{"rendered":"<p>Eleg\u00e1ns, b\u0151r gy\u0171r\u0171s fed\u00e9l \u00e9rm\u00e9k, bankjegyek, k\u00e9peslapok \u00e9s sok m\u00e1s t\u00e1rol\u00e1s\u00e1ra.<br \/>\nBet\u00e9tlapok n\u00e9lk\u00fcl.<br \/>\nT\u00e1rol\u00f3kapacit\u00e1s: ak\u00e1r 15 db Numis \u00e9rmetart\u00f3 tok (nem tartalmazza az \u00e1r).<br \/>\nEr\u0151s 4-gy\u0171r\u0171s mechanika.<br \/>\nHozz\u00e1ill\u0151 v\u00e9d\u0151kazett\u00e1val.<br \/>\nSz\u00ednek: fekete, s\u00f6t\u00e9tbarna.<br \/>\nK\u00fcls\u0151 m\u00e9ret: 235 x 240 x 60 mm.<\/p>\n","protected":false},"excerpt":{"rendered":"<p>NUMIS lapokkal b\u0151v\u00edthet\u0151 \u00e9rmealbum.<\/p>\n","protected":false},"featured_media":551,"comment_status":"open","ping_status":"closed","template":"","meta":[],"product_cat":[44],"product_tag":[],"_links":{"self":[{"href":"https:\/\/numizmatika.beila.hu\/index.php?rest_route=\/wp\/v2\/product\/550"}],"collection":[{"href":"https:\/\/numizmatika.beila.hu\/index.php?rest_route=\/wp\/v2\/product"}],"about":[{"href":"https:\/\/numizmatika.beila.hu\/index.php?rest_route=\/wp\/v2\/types\/product"}],"replies":[{"embeddable":true,"href":"https:\/\/numizmatika.beila.hu\/index.php?rest_route=%2Fwp%2Fv2%2Fcomments&post=550"}],"wp:featuredmedia":[{"embeddable":true,"href":"https:\/\/numizmatika.beila.hu\/index.php?rest_route=\/wp\/v2\/media\/551"}],"wp:attachment":[{"href":"https:\/\/numizmatika.beila.hu\/index.php?rest_route=%2Fwp%2Fv2%2Fmedia&parent=550"}],"wp:term":[{"taxonomy":"product_cat","embeddable":true,"href":"https:\/\/numizmatika.beila.hu\/index.php?rest_route=%2Fwp%2Fv2%2Fproduct_cat&post=550"},{"taxonomy":"product_tag","embeddable":true,"href":"https:\/\/numizmatika.beila.hu\/index.php?rest_route=%2Fwp%2Fv2%2Fproduct_tag&post=550"}],"curies":[{"name":"wp","href":"https:\/\/api.w.org\/{rel}","templated":true}]}}