{"id":5516,"date":"2022-04-17T13:43:55","date_gmt":"2022-04-17T13:43:55","guid":{"rendered":"https:\/\/numizmatika.beila.hu\/?post_type=product&#038;p=5516"},"modified":"2022-04-17T13:44:31","modified_gmt":"2022-04-17T13:44:31","slug":"1944-a-magyar-kiralysag-3-kal-kamatozo-torleszteses-kolcsone-buzakotveny-10q-szarazpecsettel-es-szelvenyekkel","status":"publish","type":"product","link":"https:\/\/numizmatika.beila.hu\/?product=1944-a-magyar-kiralysag-3-kal-kamatozo-torleszteses-kolcsone-buzakotveny-10q-szarazpecsettel-es-szelvenyekkel","title":{"rendered":"1944. A Magyar Kir\u00e1lys\u00e1g 3%-kal Kamatoz\u00f3 T\u00f6rleszt\u00e9ses k\u00f6lcs\u00f6ne (b\u00fazak\u00f6tv\u00e9ny) 10q, sz\u00e1razpecs\u00e9ttel \u00e9s szelv\u00e9nyekkel"},"content":{"rendered":"<p>J\u00f3 \u00e1llapotban l\u00e9v\u0151 magyar pap\u00edrr\u00e9gis\u00e9g.<\/p>\n<p>L\u00e1sd a k\u00e9peket.<\/p>\n","protected":false},"excerpt":{"rendered":"<p>J\u00f3 \u00e1llapotban l\u00e9v\u0151 magyar pap\u00edrr\u00e9gis\u00e9g. L\u00e1sd a k\u00e9peket.<\/p>\n","protected":false},"featured_media":5517,"comment_status":"open","ping_status":"closed","template":"","meta":[],"product_cat":[79],"product_tag":[],"_links":{"self":[{"href":"https:\/\/numizmatika.beila.hu\/index.php?rest_route=\/wp\/v2\/product\/5516"}],"collection":[{"href":"https:\/\/numizmatika.beila.hu\/index.php?rest_route=\/wp\/v2\/product"}],"about":[{"href":"https:\/\/numizmatika.beila.hu\/index.php?rest_route=\/wp\/v2\/types\/product"}],"replies":[{"embeddable":true,"href":"https:\/\/numizmatika.beila.hu\/index.php?rest_route=%2Fwp%2Fv2%2Fcomments&post=5516"}],"wp:featuredmedia":[{"embeddable":true,"href":"https:\/\/numizmatika.beila.hu\/index.php?rest_route=\/wp\/v2\/media\/5517"}],"wp:attachment":[{"href":"https:\/\/numizmatika.beila.hu\/index.php?rest_route=%2Fwp%2Fv2%2Fmedia&parent=5516"}],"wp:term":[{"taxonomy":"product_cat","embeddable":true,"href":"https:\/\/numizmatika.beila.hu\/index.php?rest_route=%2Fwp%2Fv2%2Fproduct_cat&post=5516"},{"taxonomy":"product_tag","embeddable":true,"href":"https:\/\/numizmatika.beila.hu\/index.php?rest_route=%2Fwp%2Fv2%2Fproduct_tag&post=5516"}],"curies":[{"name":"wp","href":"https:\/\/api.w.org\/{rel}","templated":true}]}}