{"id":554,"date":"2017-12-31T16:15:06","date_gmt":"2017-12-31T16:15:06","guid":{"rendered":"https:\/\/numizmatika.beila.hu\/?post_type=product&#038;p=554"},"modified":"2023-10-12T11:30:40","modified_gmt":"2023-10-12T11:30:40","slug":"optima-classic-ermealbum-10-db-lap","status":"publish","type":"product","link":"https:\/\/numizmatika.beila.hu\/?product=optima-classic-ermealbum-10-db-lap","title":{"rendered":"Optima Classic \u00e9rmealbum 10 db lap"},"content":{"rendered":"<p>\u00c9rt\u00e9kes \u00e9rmegy\u0171jtem\u00e9nye sz\u00e1m\u00e1ra.<br \/>\nM\u0171b\u0151rk\u00f6t\u00e9sben (fekete, bord\u00f3i v\u00f6r\u00f6s, kir\u00e1lyk\u00e9k, feny\u0151 z\u00f6ld sz\u00ednekben).<br \/>\n10 db Optima \u00e9rmetart\u00f3 lappal (2 x Optima 42, 27, 20, 4 x Optima 34 + 2 fedlap)<br \/>\nStabil 4-gy\u0171r\u0171s mechanika.<br \/>\nV\u00e9d\u0151tokkal egy\u00fctt.<br \/>\nK\u00fcls\u0151 m\u00e9ret: 250 x 280 x 65 mm.<br \/>\nSz\u00edn: K\u00e9k, bord\u00f3, z\u00f6ld, fekete<\/p>\n","protected":false},"excerpt":{"rendered":"<p>B\u0151v\u00edthet\u0151 \u00e9rmealbum.<\/p>\n","protected":false},"featured_media":555,"comment_status":"open","ping_status":"closed","template":"","meta":[],"product_cat":[44],"product_tag":[],"_links":{"self":[{"href":"https:\/\/numizmatika.beila.hu\/index.php?rest_route=\/wp\/v2\/product\/554"}],"collection":[{"href":"https:\/\/numizmatika.beila.hu\/index.php?rest_route=\/wp\/v2\/product"}],"about":[{"href":"https:\/\/numizmatika.beila.hu\/index.php?rest_route=\/wp\/v2\/types\/product"}],"replies":[{"embeddable":true,"href":"https:\/\/numizmatika.beila.hu\/index.php?rest_route=%2Fwp%2Fv2%2Fcomments&post=554"}],"wp:featuredmedia":[{"embeddable":true,"href":"https:\/\/numizmatika.beila.hu\/index.php?rest_route=\/wp\/v2\/media\/555"}],"wp:attachment":[{"href":"https:\/\/numizmatika.beila.hu\/index.php?rest_route=%2Fwp%2Fv2%2Fmedia&parent=554"}],"wp:term":[{"taxonomy":"product_cat","embeddable":true,"href":"https:\/\/numizmatika.beila.hu\/index.php?rest_route=%2Fwp%2Fv2%2Fproduct_cat&post=554"},{"taxonomy":"product_tag","embeddable":true,"href":"https:\/\/numizmatika.beila.hu\/index.php?rest_route=%2Fwp%2Fv2%2Fproduct_tag&post=554"}],"curies":[{"name":"wp","href":"https:\/\/api.w.org\/{rel}","templated":true}]}}