{"id":5725,"date":"2023-01-27T17:36:52","date_gmt":"2023-01-27T17:36:52","guid":{"rendered":"https:\/\/numizmatika.beila.hu\/?post_type=product&#038;p=5725"},"modified":"2023-01-27T17:46:48","modified_gmt":"2023-01-27T17:46:48","slug":"betetlap-ermekereteknek-grande-tipusu","status":"publish","type":"product","link":"https:\/\/numizmatika.beila.hu\/?product=betetlap-ermekereteknek-grande-tipusu","title":{"rendered":"Bet\u00e9tlap \u00e9rmekereteknek (Grande t\u00edpus\u00fa)"},"content":{"rendered":"<p>1 csomagban 5 db lap.<\/p>\n<p>Laponk\u00e9nt 20 hely, 50&#215;50 mm-es \u00e9rmekeretekhez.<\/p>\n<p>K\u00fcls\u0151 m\u00e9ret: 242 x 312 mm<\/p>\n","protected":false},"excerpt":{"rendered":"<p>\u00e9rmekeret<\/p>\n","protected":false},"featured_media":5728,"comment_status":"open","ping_status":"closed","template":"","meta":[],"product_cat":[43],"product_tag":[],"_links":{"self":[{"href":"https:\/\/numizmatika.beila.hu\/index.php?rest_route=\/wp\/v2\/product\/5725"}],"collection":[{"href":"https:\/\/numizmatika.beila.hu\/index.php?rest_route=\/wp\/v2\/product"}],"about":[{"href":"https:\/\/numizmatika.beila.hu\/index.php?rest_route=\/wp\/v2\/types\/product"}],"replies":[{"embeddable":true,"href":"https:\/\/numizmatika.beila.hu\/index.php?rest_route=%2Fwp%2Fv2%2Fcomments&post=5725"}],"wp:featuredmedia":[{"embeddable":true,"href":"https:\/\/numizmatika.beila.hu\/index.php?rest_route=\/wp\/v2\/media\/5728"}],"wp:attachment":[{"href":"https:\/\/numizmatika.beila.hu\/index.php?rest_route=%2Fwp%2Fv2%2Fmedia&parent=5725"}],"wp:term":[{"taxonomy":"product_cat","embeddable":true,"href":"https:\/\/numizmatika.beila.hu\/index.php?rest_route=%2Fwp%2Fv2%2Fproduct_cat&post=5725"},{"taxonomy":"product_tag","embeddable":true,"href":"https:\/\/numizmatika.beila.hu\/index.php?rest_route=%2Fwp%2Fv2%2Fproduct_tag&post=5725"}],"curies":[{"name":"wp","href":"https:\/\/api.w.org\/{rel}","templated":true}]}}