{"id":5739,"date":"2023-01-27T18:11:29","date_gmt":"2023-01-27T18:11:29","guid":{"rendered":"https:\/\/numizmatika.beila.hu\/?post_type=product&#038;p=5739"},"modified":"2024-10-08T13:39:33","modified_gmt":"2024-10-08T13:39:33","slug":"ermetalca-ermekereteknek-cargo-s-tipusu","status":"publish","type":"product","link":"https:\/\/numizmatika.beila.hu\/?product=ermetalca-ermekereteknek-cargo-s-tipusu","title":{"rendered":"\u00e9rmet\u00e1lca \u00e9rmekereteknek (CARGO S t\u00edpus\u00fa)"},"content":{"rendered":"<p>A k\u00e9pen l\u00e1that\u00f3 \u00e9rm\u00e9k \u00e9s t\u00e1lc\u00e1k csak illusztr\u00e1ci\u00f3!<\/p>\n<p>1 csomagban 2 db t\u00e1lca.<\/p>\n<p>\u00d6sszesen 12 hely 50&#215;50 mm-es \u00e9rmekeretekhez.<\/p>\n<p>K\u00e9k sz\u00edn\u0171, vel\u00faranyaggal b\u00e9lelt t\u00e1lca.<\/p>\n<p>K\u00fcls\u0151 m\u00e9ret: 237 x 192 mm.<\/p>\n","protected":false},"excerpt":{"rendered":"<p>\u00e9rmekeret<\/p>\n","protected":false},"featured_media":5741,"comment_status":"open","ping_status":"closed","template":"","meta":[],"product_cat":[43],"product_tag":[],"_links":{"self":[{"href":"https:\/\/numizmatika.beila.hu\/index.php?rest_route=\/wp\/v2\/product\/5739"}],"collection":[{"href":"https:\/\/numizmatika.beila.hu\/index.php?rest_route=\/wp\/v2\/product"}],"about":[{"href":"https:\/\/numizmatika.beila.hu\/index.php?rest_route=\/wp\/v2\/types\/product"}],"replies":[{"embeddable":true,"href":"https:\/\/numizmatika.beila.hu\/index.php?rest_route=%2Fwp%2Fv2%2Fcomments&post=5739"}],"wp:featuredmedia":[{"embeddable":true,"href":"https:\/\/numizmatika.beila.hu\/index.php?rest_route=\/wp\/v2\/media\/5741"}],"wp:attachment":[{"href":"https:\/\/numizmatika.beila.hu\/index.php?rest_route=%2Fwp%2Fv2%2Fmedia&parent=5739"}],"wp:term":[{"taxonomy":"product_cat","embeddable":true,"href":"https:\/\/numizmatika.beila.hu\/index.php?rest_route=%2Fwp%2Fv2%2Fproduct_cat&post=5739"},{"taxonomy":"product_tag","embeddable":true,"href":"https:\/\/numizmatika.beila.hu\/index.php?rest_route=%2Fwp%2Fv2%2Fproduct_tag&post=5739"}],"curies":[{"name":"wp","href":"https:\/\/api.w.org\/{rel}","templated":true}]}}