{"id":587,"date":"2018-01-01T11:52:29","date_gmt":"2018-01-01T11:52:29","guid":{"rendered":"https:\/\/numizmatika.beila.hu\/?post_type=product&#038;p=587"},"modified":"2024-10-08T13:46:00","modified_gmt":"2024-10-08T13:46:00","slug":"optima-ermelap","status":"publish","type":"product","link":"https:\/\/numizmatika.beila.hu\/?product=optima-ermelap","title":{"rendered":"OPTIMA \u00e9rmelap"},"content":{"rendered":"<p>Az \u00e9rmetart\u00f3 lapok teljesen \u00e1tl\u00e1tsz\u00f3ak \u00e9s m\u00e9rettart\u00f3ak. 8 f\u00e9le tagol\u00e1ssal 6-54 db \u00e9rme t\u00e1rol\u00e1s\u00e1ra alkalmas beoszt\u00e1ssal biztos\u00edtj\u00e1k az \u00e9rm\u00e9k biztons\u00e1gos t\u00e1rol\u00e1s\u00e1t \u00e9s bemutat\u00e1s\u00e1t.<br \/>\nA bels\u0151 tagol\u00e1st ill. optikai feloszt\u00e1st azonos m\u00e9ret\u0171 fekete elv\u00e1laszt\u00f3lappal seg\u00edtik.<br \/>\nK\u00fcls\u0151 m\u00e9ret: 202 x 252 mm.<br \/>\n1 csomagban 5 db azonos oszt\u00e1s\u00fa lap van.<br \/>\nA k\u00e9p illusztr\u00e1ci\u00f3, az \u00e9rm\u00e9k nem r\u00e9sze az aj\u00e1nlatnak!<\/p>\n<p>T\u00edpusok:<br \/>\n1. 65 mm \u00e9rme\u00e1tm\u00e9r\u0151ig 1 lapon 6 db hely<br \/>\n2. 50 mm \u00e9rme\u00e1tm\u00e9r\u0151ig 1 lapon 12 db hely<br \/>\n3. 42 mm \u00e9rme\u00e1tm\u00e9r\u0151ig 1 lapon 15 db hely<br \/>\n4. 34 mm \u00e9rme\u00e1tm\u00e9r\u0151ig 1 lapon 24 db hely<br \/>\n5. 27 mm \u00e9rme\u00e1tm\u00e9r\u0151ig 1 lapon 35 db hely<br \/>\n6. 20 mm \u00e9rme\u00e1tm\u00e9r\u0151ig 1 lapon 54 db hely<br \/>\n7. 5 db komplett euro sorhoz 1 lapon 40 db hely.<br \/>\n8. SORT &#8211; 1 x 42 mm, 1 x 27 mm, 1 x 20 mm, 2 x 34 mm \u00e9rme\u00e1tm\u00e9r\u0151ig (\u00f6sszesen 5 db lap)<\/p>\n<p>(9.) Optima ZWL elv\u00e1laszt\u00f3lap (1 csomagban 10 db lap)<\/p>\n","protected":false},"excerpt":{"rendered":"<p>Optima albumokhoz val\u00f3 \u00e9rmelap.<\/p>\n","protected":false},"featured_media":588,"comment_status":"open","ping_status":"closed","template":"","meta":[],"product_cat":[52],"product_tag":[],"_links":{"self":[{"href":"https:\/\/numizmatika.beila.hu\/index.php?rest_route=\/wp\/v2\/product\/587"}],"collection":[{"href":"https:\/\/numizmatika.beila.hu\/index.php?rest_route=\/wp\/v2\/product"}],"about":[{"href":"https:\/\/numizmatika.beila.hu\/index.php?rest_route=\/wp\/v2\/types\/product"}],"replies":[{"embeddable":true,"href":"https:\/\/numizmatika.beila.hu\/index.php?rest_route=%2Fwp%2Fv2%2Fcomments&post=587"}],"wp:featuredmedia":[{"embeddable":true,"href":"https:\/\/numizmatika.beila.hu\/index.php?rest_route=\/wp\/v2\/media\/588"}],"wp:attachment":[{"href":"https:\/\/numizmatika.beila.hu\/index.php?rest_route=%2Fwp%2Fv2%2Fmedia&parent=587"}],"wp:term":[{"taxonomy":"product_cat","embeddable":true,"href":"https:\/\/numizmatika.beila.hu\/index.php?rest_route=%2Fwp%2Fv2%2Fproduct_cat&post=587"},{"taxonomy":"product_tag","embeddable":true,"href":"https:\/\/numizmatika.beila.hu\/index.php?rest_route=%2Fwp%2Fv2%2Fproduct_tag&post=587"}],"curies":[{"name":"wp","href":"https:\/\/api.w.org\/{rel}","templated":true}]}}