{"id":5885,"date":"2023-04-02T08:20:02","date_gmt":"2023-04-02T08:20:02","guid":{"rendered":"https:\/\/numizmatika.beila.hu\/?post_type=product&#038;p=5885"},"modified":"2023-04-02T08:25:34","modified_gmt":"2023-04-02T08:25:34","slug":"lenin-foto-festmenyrol","status":"publish","type":"product","link":"https:\/\/numizmatika.beila.hu\/?product=lenin-foto-festmenyrol","title":{"rendered":"Lenin fot\u00f3 (festm\u00e9nyr\u0151l)"},"content":{"rendered":"<p>J\u00f3 \u00e1llapotban l\u00e9v\u0151 f\u00e9nyk\u00e9p.<\/p>\n<p>M\u00e9ret: 176*227 mm<\/p>\n<p>L\u00e1sd a k\u00e9pet.<\/p>\n","protected":false},"excerpt":{"rendered":"<p>J\u00f3 \u00e1llapotban l\u00e9v\u0151 f\u00e9nyk\u00e9p. M\u00e9ret: 176*227 mm L\u00e1sd a k\u00e9pet.<\/p>\n","protected":false},"featured_media":5904,"comment_status":"open","ping_status":"closed","template":"","meta":[],"product_cat":[79],"product_tag":[],"_links":{"self":[{"href":"https:\/\/numizmatika.beila.hu\/index.php?rest_route=\/wp\/v2\/product\/5885"}],"collection":[{"href":"https:\/\/numizmatika.beila.hu\/index.php?rest_route=\/wp\/v2\/product"}],"about":[{"href":"https:\/\/numizmatika.beila.hu\/index.php?rest_route=\/wp\/v2\/types\/product"}],"replies":[{"embeddable":true,"href":"https:\/\/numizmatika.beila.hu\/index.php?rest_route=%2Fwp%2Fv2%2Fcomments&post=5885"}],"wp:featuredmedia":[{"embeddable":true,"href":"https:\/\/numizmatika.beila.hu\/index.php?rest_route=\/wp\/v2\/media\/5904"}],"wp:attachment":[{"href":"https:\/\/numizmatika.beila.hu\/index.php?rest_route=%2Fwp%2Fv2%2Fmedia&parent=5885"}],"wp:term":[{"taxonomy":"product_cat","embeddable":true,"href":"https:\/\/numizmatika.beila.hu\/index.php?rest_route=%2Fwp%2Fv2%2Fproduct_cat&post=5885"},{"taxonomy":"product_tag","embeddable":true,"href":"https:\/\/numizmatika.beila.hu\/index.php?rest_route=%2Fwp%2Fv2%2Fproduct_tag&post=5885"}],"curies":[{"name":"wp","href":"https:\/\/api.w.org\/{rel}","templated":true}]}}